{"id":2730,"date":"2024-05-14T10:51:51","date_gmt":"2024-05-14T08:51:51","guid":{"rendered":"https:\/\/justexplorers.bitcrumbs-dev.it\/?post_type=product&#038;p=2730"},"modified":"2024-12-02T00:19:31","modified_gmt":"2024-12-01T23:19:31","slug":"bisons-and-raptors-tour-fotografico-bialoweza-polonia","status":"publish","type":"product","link":"https:\/\/justexplorers.bitcrumbs-dev.it\/en\/product\/bisons-and-raptors-tour-fotografico-bialoweza-polonia\/","title":{"rendered":"Bisons &amp; Raptors"},"content":{"rendered":"<p>La foresta di Bialowieza \u00e8 un residuo della foresta vergine che si estendeva a nord est della Polonia considerata dal 1979 patrimonio dell\u2019umanit\u00e0 UNESCO. Si tratta dell\u2019unico frammento rimasto della foresta che migliaia di anni fa si estendeva in tutta Europa.<\/p>\n<p>La foresta si estende per 879km2 principalmente con vegetazione tipica della foresta temperata, costituita prevalentemente da alberi di latifoglie che donano al paesaggio atmosfere<span class=\"Apple-converted-space\">\u00a0\u00a0<\/span>invernali magiche. Quello che per\u00f2 \u00e8 il cuore di questo viaggio \u00e8 senza dubbio la fauna selvatica, la foresta infatti vanta un\u2019incredibile biodiversit\u00e0 con 11864 specie di animali fra mammiferi, uccelli, rettili, anfibi e insetti. (260 specie di uccelli, di cui 240 si riproducono in foresta) In particolare l\u2019attenzione ricade sul gigante d\u2019Europa, il bisonte.<\/p>\n<p>A Bialowieza troviamo la pi\u00f9 grande e importante popolazione di bisonte europeo, animale considerato estinto nel 1919 ma inserito all\u2019interno di un progetto di reintroduzione che attualmente ha avuto come risultato una popolazione stabile di circa 5000 esemplari. Il bisonte con i suoi 3 metri di lunghezza, i suoi 2 metri di altezza e il suo peso che pu\u00f2 raggiungere quasi i mille chilogrammi risulta essere il mammifero terrestre pi\u00f9 grande d\u2019Europa. Popola sia le ampie praterie che i luoghi pi\u00f9 impenetrabili nel cuore della foresta di Bialowieza, si ha cos\u00ec la possibilit\u00e0 di osservare questo maestoso animali in contesti diversi.<\/p>","protected":false},"excerpt":{"rendered":"<p>Esplora l&#8217;incanto naturale del Parco Nazionale di Bialowieza, dove il vento sussurra tra gli alberi millenari e il suono dei bisonti rompe il silenzio delle praterie infinite. Questo viaggio di 6 giorni ti condurr\u00e0 attraverso paesaggi selvaggi e conservati, offrendoti l&#8217;opportunit\u00e0 di percepire sensazioni primordiali che solo luoghi come questo possono regalare.<\/p>\n<p>Divisi in piccoli gruppi di 4, esploreremo i luoghi pi\u00f9 remoti del parco alla ricerca delle maestose mandrie di bisonti europei, immergendoci sia nelle praterie che nelle fitte foreste per catturare la loro bellezza in contesti diversi. Grazie alle nostre autorizzazioni esclusive, avremo accesso al cuore della foresta, dove il silenzio regna sovrano e incontri con abitanti elusivi come lupi, castori, lontre e linci non sono insoliti.<\/p>\n<p>Oltre all&#8217;esplorazione, avremo l&#8217;opportunit\u00e0 di osservare la natura da vicino, grazie agli esclusivi capanni fotografici che ci consentiranno di avvicinarci alle specie animali senza disturbare il loro habitat. Con un po&#8217; di fortuna, potremo avvistare rapaci come l&#8217;aquila reale e l&#8217;astore, oltre a una miriade di specie di passeriformi e mammiferi.<\/p>\n<p>Il nostro gruppo compatto garantir\u00e0 il minimo disturbo alla fauna selvatica, consentendoci di ottimizzare le sessioni fotografiche e muoverci in modo agile e silenzioso. Questo tour offre a ogni appassionato fotografo la possibilit\u00e0 di cogliere l&#8217;equilibrio selvaggio di questo habitat unico, catturando momenti indimenticabili con la propria macchina fotografica.<\/p>","protected":false},"featured_media":2930,"comment_status":"open","ping_status":"closed","template":"","meta":{"_acf_changed":false},"product_cat":[55],"product_tag":[95,87,103,100,67,66,70,101,96,102,86,72],"acf":[],"yoast_head":"<!-- This site is optimized with the Yoast SEO plugin v22.8 - https:\/\/yoast.com\/wordpress\/plugins\/seo\/ -->\n<title>Bisons &amp; Raptors - JustExplorers<\/title>\n<meta name=\"description\" content=\"6 giorni di fotografia naturalistica nella foresta di Bia\u0142owie\u017ca alla ricerca del bisonte europeo e della incredibile avifauna del nord europa.\" \/>\n<meta name=\"robots\" content=\"noindex, follow, max-snippet:-1, max-image-preview:large, max-video-preview:-1\" \/>\n<meta property=\"og:locale\" content=\"en_US\" \/>\n<meta property=\"og:type\" content=\"article\" \/>\n<meta property=\"og:title\" content=\"Bisons &amp; Raptors - JustExplorers\" \/>\n<meta property=\"og:description\" content=\"6 giorni di fotografia naturalistica nella foresta di Bia\u0142owie\u017ca alla ricerca del bisonte europeo e della incredibile avifauna del nord europa.\" \/>\n<meta property=\"og:url\" content=\"https:\/\/justexplorers.bitcrumbs-dev.it\/en\/product\/bisons-and-raptors-tour-fotografico-bialoweza-polonia\/\" \/>\n<meta property=\"og:site_name\" content=\"JustExplorers\" \/>\n<meta property=\"article:modified_time\" content=\"2024-12-01T23:19:31+00:00\" \/>\n<meta property=\"og:image\" content=\"https:\/\/justexplorers.bitcrumbs-dev.it\/wp-content\/uploads\/2024\/05\/locanda-web-polonia.jpg\" \/>\n\t<meta property=\"og:image:width\" content=\"2048\" \/>\n\t<meta property=\"og:image:height\" content=\"1365\" \/>\n\t<meta property=\"og:image:type\" content=\"image\/jpeg\" \/>\n<meta name=\"twitter:card\" content=\"summary_large_image\" \/>\n<meta name=\"twitter:label1\" content=\"Est. reading time\" \/>\n\t<meta name=\"twitter:data1\" content=\"2 minutes\" \/>\n<script type=\"application\/ld+json\" class=\"yoast-schema-graph\">{\"@context\":\"https:\/\/schema.org\",\"@graph\":[{\"@type\":\"WebPage\",\"@id\":\"https:\/\/justexplorers.bitcrumbs-dev.it\/product\/bisons-and-raptors-tour-fotografico-bialoweza-polonia\/\",\"url\":\"https:\/\/justexplorers.bitcrumbs-dev.it\/product\/bisons-and-raptors-tour-fotografico-bialoweza-polonia\/\",\"name\":\"Bisons & Raptors - JustExplorers\",\"isPartOf\":{\"@id\":\"https:\/\/justexplorers.bitcrumbs-dev.it\/#website\"},\"primaryImageOfPage\":{\"@id\":\"https:\/\/justexplorers.bitcrumbs-dev.it\/product\/bisons-and-raptors-tour-fotografico-bialoweza-polonia\/#primaryimage\"},\"image\":{\"@id\":\"https:\/\/justexplorers.bitcrumbs-dev.it\/product\/bisons-and-raptors-tour-fotografico-bialoweza-polonia\/#primaryimage\"},\"thumbnailUrl\":\"https:\/\/justexplorers.bitcrumbs-dev.it\/wp-content\/uploads\/2024\/05\/locanda-web-polonia.jpg\",\"datePublished\":\"2024-05-14T08:51:51+00:00\",\"dateModified\":\"2024-12-01T23:19:31+00:00\",\"description\":\"6 giorni di fotografia naturalistica nella foresta di Bia\u0142owie\u017ca alla ricerca del bisonte europeo e della incredibile avifauna del nord europa.\",\"breadcrumb\":{\"@id\":\"https:\/\/justexplorers.bitcrumbs-dev.it\/product\/bisons-and-raptors-tour-fotografico-bialoweza-polonia\/#breadcrumb\"},\"inLanguage\":\"en-US\",\"potentialAction\":[{\"@type\":\"ReadAction\",\"target\":[\"https:\/\/justexplorers.bitcrumbs-dev.it\/product\/bisons-and-raptors-tour-fotografico-bialoweza-polonia\/\"]}]},{\"@type\":\"ImageObject\",\"inLanguage\":\"en-US\",\"@id\":\"https:\/\/justexplorers.bitcrumbs-dev.it\/product\/bisons-and-raptors-tour-fotografico-bialoweza-polonia\/#primaryimage\",\"url\":\"https:\/\/justexplorers.bitcrumbs-dev.it\/wp-content\/uploads\/2024\/05\/locanda-web-polonia.jpg\",\"contentUrl\":\"https:\/\/justexplorers.bitcrumbs-dev.it\/wp-content\/uploads\/2024\/05\/locanda-web-polonia.jpg\",\"width\":2048,\"height\":1365,\"caption\":\"bisons-and-raptors-Bia\u0142owie\u017ca-photographic-tour-Bia\u0142owie\u017ca-poland\"},{\"@type\":\"BreadcrumbList\",\"@id\":\"https:\/\/justexplorers.bitcrumbs-dev.it\/product\/bisons-and-raptors-tour-fotografico-bialoweza-polonia\/#breadcrumb\",\"itemListElement\":[{\"@type\":\"ListItem\",\"position\":1,\"name\":\"Home\",\"item\":\"https:\/\/justexplorers.bitcrumbs-dev.it\/\"},{\"@type\":\"ListItem\",\"position\":2,\"name\":\"Shop\",\"item\":\"https:\/\/justexplorers.bitcrumbs-dev.it\/negozio\/\"},{\"@type\":\"ListItem\",\"position\":3,\"name\":\"Bisons &#038; Raptors\"}]},{\"@type\":\"WebSite\",\"@id\":\"https:\/\/justexplorers.bitcrumbs-dev.it\/#website\",\"url\":\"https:\/\/justexplorers.bitcrumbs-dev.it\/\",\"name\":\"JustExplorers\",\"description\":\"\",\"potentialAction\":[{\"@type\":\"SearchAction\",\"target\":{\"@type\":\"EntryPoint\",\"urlTemplate\":\"https:\/\/justexplorers.bitcrumbs-dev.it\/?s={search_term_string}\"},\"query-input\":\"required name=search_term_string\"}],\"inLanguage\":\"en-US\"}]}<\/script>\n<!-- \/ Yoast SEO plugin. -->","yoast_head_json":{"title":"Bisons & Raptors - JustExplorers","description":"6 giorni di fotografia naturalistica nella foresta di Bia\u0142owie\u017ca alla ricerca del bisonte europeo e della incredibile avifauna del nord europa.","robots":{"index":"noindex","follow":"follow","max-snippet":"max-snippet:-1","max-image-preview":"max-image-preview:large","max-video-preview":"max-video-preview:-1"},"og_locale":"en_US","og_type":"article","og_title":"Bisons & Raptors - JustExplorers","og_description":"6 giorni di fotografia naturalistica nella foresta di Bia\u0142owie\u017ca alla ricerca del bisonte europeo e della incredibile avifauna del nord europa.","og_url":"https:\/\/justexplorers.bitcrumbs-dev.it\/en\/product\/bisons-and-raptors-tour-fotografico-bialoweza-polonia\/","og_site_name":"JustExplorers","article_modified_time":"2024-12-01T23:19:31+00:00","og_image":[{"width":2048,"height":1365,"url":"https:\/\/justexplorers.bitcrumbs-dev.it\/wp-content\/uploads\/2024\/05\/locanda-web-polonia.jpg","type":"image\/jpeg"}],"twitter_card":"summary_large_image","twitter_misc":{"Est. reading time":"2 minutes"},"schema":{"@context":"https:\/\/schema.org","@graph":[{"@type":"WebPage","@id":"https:\/\/justexplorers.bitcrumbs-dev.it\/product\/bisons-and-raptors-tour-fotografico-bialoweza-polonia\/","url":"https:\/\/justexplorers.bitcrumbs-dev.it\/product\/bisons-and-raptors-tour-fotografico-bialoweza-polonia\/","name":"Bisons & Raptors - JustExplorers","isPartOf":{"@id":"https:\/\/justexplorers.bitcrumbs-dev.it\/#website"},"primaryImageOfPage":{"@id":"https:\/\/justexplorers.bitcrumbs-dev.it\/product\/bisons-and-raptors-tour-fotografico-bialoweza-polonia\/#primaryimage"},"image":{"@id":"https:\/\/justexplorers.bitcrumbs-dev.it\/product\/bisons-and-raptors-tour-fotografico-bialoweza-polonia\/#primaryimage"},"thumbnailUrl":"https:\/\/justexplorers.bitcrumbs-dev.it\/wp-content\/uploads\/2024\/05\/locanda-web-polonia.jpg","datePublished":"2024-05-14T08:51:51+00:00","dateModified":"2024-12-01T23:19:31+00:00","description":"6 giorni di fotografia naturalistica nella foresta di Bia\u0142owie\u017ca alla ricerca del bisonte europeo e della incredibile avifauna del nord europa.","breadcrumb":{"@id":"https:\/\/justexplorers.bitcrumbs-dev.it\/product\/bisons-and-raptors-tour-fotografico-bialoweza-polonia\/#breadcrumb"},"inLanguage":"en-US","potentialAction":[{"@type":"ReadAction","target":["https:\/\/justexplorers.bitcrumbs-dev.it\/product\/bisons-and-raptors-tour-fotografico-bialoweza-polonia\/"]}]},{"@type":"ImageObject","inLanguage":"en-US","@id":"https:\/\/justexplorers.bitcrumbs-dev.it\/product\/bisons-and-raptors-tour-fotografico-bialoweza-polonia\/#primaryimage","url":"https:\/\/justexplorers.bitcrumbs-dev.it\/wp-content\/uploads\/2024\/05\/locanda-web-polonia.jpg","contentUrl":"https:\/\/justexplorers.bitcrumbs-dev.it\/wp-content\/uploads\/2024\/05\/locanda-web-polonia.jpg","width":2048,"height":1365,"caption":"bisons-and-raptors-Bia\u0142owie\u017ca-photographic-tour-Bia\u0142owie\u017ca-poland"},{"@type":"BreadcrumbList","@id":"https:\/\/justexplorers.bitcrumbs-dev.it\/product\/bisons-and-raptors-tour-fotografico-bialoweza-polonia\/#breadcrumb","itemListElement":[{"@type":"ListItem","position":1,"name":"Home","item":"https:\/\/justexplorers.bitcrumbs-dev.it\/"},{"@type":"ListItem","position":2,"name":"Shop","item":"https:\/\/justexplorers.bitcrumbs-dev.it\/negozio\/"},{"@type":"ListItem","position":3,"name":"Bisons &#038; Raptors"}]},{"@type":"WebSite","@id":"https:\/\/justexplorers.bitcrumbs-dev.it\/#website","url":"https:\/\/justexplorers.bitcrumbs-dev.it\/","name":"JustExplorers","description":"","potentialAction":[{"@type":"SearchAction","target":{"@type":"EntryPoint","urlTemplate":"https:\/\/justexplorers.bitcrumbs-dev.it\/?s={search_term_string}"},"query-input":"required name=search_term_string"}],"inLanguage":"en-US"}]}},"_links":{"self":[{"href":"https:\/\/justexplorers.bitcrumbs-dev.it\/en\/wp-json\/wp\/v2\/product\/2730"}],"collection":[{"href":"https:\/\/justexplorers.bitcrumbs-dev.it\/en\/wp-json\/wp\/v2\/product"}],"about":[{"href":"https:\/\/justexplorers.bitcrumbs-dev.it\/en\/wp-json\/wp\/v2\/types\/product"}],"replies":[{"embeddable":true,"href":"https:\/\/justexplorers.bitcrumbs-dev.it\/en\/wp-json\/wp\/v2\/comments?post=2730"}],"wp:featuredmedia":[{"embeddable":true,"href":"https:\/\/justexplorers.bitcrumbs-dev.it\/en\/wp-json\/wp\/v2\/media\/2930"}],"wp:attachment":[{"href":"https:\/\/justexplorers.bitcrumbs-dev.it\/en\/wp-json\/wp\/v2\/media?parent=2730"}],"wp:term":[{"taxonomy":"product_cat","embeddable":true,"href":"https:\/\/justexplorers.bitcrumbs-dev.it\/en\/wp-json\/wp\/v2\/product_cat?post=2730"},{"taxonomy":"product_tag","embeddable":true,"href":"https:\/\/justexplorers.bitcrumbs-dev.it\/en\/wp-json\/wp\/v2\/product_tag?post=2730"}],"curies":[{"name":"wp","href":"https:\/\/api.w.org\/{rel}","templated":true}]}}