{"id":2752,"date":"2024-05-14T19:44:08","date_gmt":"2024-05-14T17:44:08","guid":{"rendered":"https:\/\/justexplorers.bitcrumbs-dev.it\/?post_type=product&#038;p=2752"},"modified":"2025-02-17T11:21:10","modified_gmt":"2025-02-17T10:21:10","slug":"il-bramito","status":"publish","type":"product","link":"https:\/\/justexplorers.bitcrumbs-dev.it\/en\/product\/il-bramito\/","title":{"rendered":"The roar"},"content":{"rendered":"<p>Three days of nature photography in the heart of the Abruzzo, Lazio and Molise National Park in search of the wildest and most uncontaminated nature of the central Apennines with two biologists and professional photographers.<\/p>","protected":false},"excerpt":{"rendered":"<p>Tre giorni di fotografia naturalistica nel Parco Nazionale d\u2019Abruzzo, Lazio e Molise. Sar\u00e0 un&#8217;immersione totale nella natura selvaggia dell&#8217;appennino centrale. Due esperti biologi e fotografi professionisti ti guideranno in questo luogo, sfruttando al massimo le condizioni di luce, catturando l&#8217;essenza della fauna del parco.<\/p>\n<p>Durante le suggestive ore dell&#8217;alba e del tramonto, ottimali per la fotografia, ci concentreremo non solo sull&#8217;avvistamento del Cervo Nobile in piena stagione riproduttiva, ma con una buona dose di fortuna avremo anche l&#8217;opportunit\u00e0 di scorgere l&#8217;Orso Marsicano, attivo per l&#8217;iperfagia in vista del letargo invernale, e il lupo, che in questo periodo \u00e8 particolarmente attivo insieme ai cuccioli dell&#8217;anno. Durante i tre giorni di attivit\u00e0, non mancher\u00e0 il tempo per provare ad avvistare anche specie pi\u00f9 comuni, caprioli, cinghiali, volpi e magari il bellissimo camoscio appenninico.<\/p>","protected":false},"featured_media":2927,"comment_status":"open","ping_status":"closed","template":"","meta":{"_acf_changed":false},"product_cat":[55,54],"product_tag":[85,83,84,66,82,70,72],"acf":[],"yoast_head":"<!-- This site is optimized with the Yoast SEO plugin v22.8 - https:\/\/yoast.com\/wordpress\/plugins\/seo\/ -->\n<title>Il bramito - JustExplorers<\/title>\n<meta name=\"description\" content=\"Workshop di fotografia naturalistica nel Parco Nazionale d\u2019Abruzzo, Lazio e Molise alla ricerca della natura selvaggia con due biologi e fotografi.\" \/>\n<meta name=\"robots\" content=\"noindex, follow, max-snippet:-1, max-image-preview:large, max-video-preview:-1\" \/>\n<meta property=\"og:locale\" content=\"en_US\" \/>\n<meta property=\"og:type\" content=\"article\" \/>\n<meta property=\"og:title\" content=\"Il bramito - JustExplorers\" \/>\n<meta property=\"og:description\" content=\"Workshop di fotografia naturalistica nel Parco Nazionale d\u2019Abruzzo, Lazio e Molise alla ricerca della natura selvaggia con due biologi e fotografi.\" \/>\n<meta property=\"og:url\" content=\"https:\/\/justexplorers.bitcrumbs-dev.it\/en\/product\/il-bramito\/\" \/>\n<meta property=\"og:site_name\" content=\"JustExplorers\" \/>\n<meta property=\"article:modified_time\" content=\"2025-02-17T10:21:10+00:00\" \/>\n<meta property=\"og:image\" content=\"https:\/\/justexplorers.bitcrumbs-dev.it\/wp-content\/uploads\/2024\/05\/locanda-bramito-x-just-explorers.jpg\" \/>\n\t<meta property=\"og:image:width\" content=\"1800\" \/>\n\t<meta property=\"og:image:height\" content=\"1200\" \/>\n\t<meta property=\"og:image:type\" content=\"image\/jpeg\" \/>\n<meta name=\"twitter:card\" content=\"summary_large_image\" \/>\n<meta name=\"twitter:label1\" content=\"Est. reading time\" \/>\n\t<meta name=\"twitter:data1\" content=\"1 minute\" \/>\n<script type=\"application\/ld+json\" class=\"yoast-schema-graph\">{\"@context\":\"https:\/\/schema.org\",\"@graph\":[{\"@type\":\"WebPage\",\"@id\":\"https:\/\/justexplorers.bitcrumbs-dev.it\/product\/il-bramito\/\",\"url\":\"https:\/\/justexplorers.bitcrumbs-dev.it\/product\/il-bramito\/\",\"name\":\"Il bramito - JustExplorers\",\"isPartOf\":{\"@id\":\"https:\/\/justexplorers.bitcrumbs-dev.it\/#website\"},\"primaryImageOfPage\":{\"@id\":\"https:\/\/justexplorers.bitcrumbs-dev.it\/product\/il-bramito\/#primaryimage\"},\"image\":{\"@id\":\"https:\/\/justexplorers.bitcrumbs-dev.it\/product\/il-bramito\/#primaryimage\"},\"thumbnailUrl\":\"https:\/\/justexplorers.bitcrumbs-dev.it\/wp-content\/uploads\/2024\/05\/locanda-bramito-x-just-explorers.jpg\",\"datePublished\":\"2024-05-14T17:44:08+00:00\",\"dateModified\":\"2025-02-17T10:21:10+00:00\",\"description\":\"Workshop di fotografia naturalistica nel Parco Nazionale d\u2019Abruzzo, Lazio e Molise alla ricerca della natura selvaggia con due biologi e fotografi.\",\"breadcrumb\":{\"@id\":\"https:\/\/justexplorers.bitcrumbs-dev.it\/product\/il-bramito\/#breadcrumb\"},\"inLanguage\":\"en-US\",\"potentialAction\":[{\"@type\":\"ReadAction\",\"target\":[\"https:\/\/justexplorers.bitcrumbs-dev.it\/product\/il-bramito\/\"]}]},{\"@type\":\"ImageObject\",\"inLanguage\":\"en-US\",\"@id\":\"https:\/\/justexplorers.bitcrumbs-dev.it\/product\/il-bramito\/#primaryimage\",\"url\":\"https:\/\/justexplorers.bitcrumbs-dev.it\/wp-content\/uploads\/2024\/05\/locanda-bramito-x-just-explorers.jpg\",\"contentUrl\":\"https:\/\/justexplorers.bitcrumbs-dev.it\/wp-content\/uploads\/2024\/05\/locanda-bramito-x-just-explorers.jpg\",\"width\":1800,\"height\":1200,\"caption\":\"il-bramito-workshop-di-fotografia-naturalistica-parco-nazionale-abruzzo-lazio-molise\"},{\"@type\":\"BreadcrumbList\",\"@id\":\"https:\/\/justexplorers.bitcrumbs-dev.it\/product\/il-bramito\/#breadcrumb\",\"itemListElement\":[{\"@type\":\"ListItem\",\"position\":1,\"name\":\"Home\",\"item\":\"https:\/\/justexplorers.bitcrumbs-dev.it\/\"},{\"@type\":\"ListItem\",\"position\":2,\"name\":\"Shop\",\"item\":\"https:\/\/justexplorers.bitcrumbs-dev.it\/negozio\/\"},{\"@type\":\"ListItem\",\"position\":3,\"name\":\"Il bramito\"}]},{\"@type\":\"WebSite\",\"@id\":\"https:\/\/justexplorers.bitcrumbs-dev.it\/#website\",\"url\":\"https:\/\/justexplorers.bitcrumbs-dev.it\/\",\"name\":\"JustExplorers\",\"description\":\"\",\"potentialAction\":[{\"@type\":\"SearchAction\",\"target\":{\"@type\":\"EntryPoint\",\"urlTemplate\":\"https:\/\/justexplorers.bitcrumbs-dev.it\/?s={search_term_string}\"},\"query-input\":\"required name=search_term_string\"}],\"inLanguage\":\"en-US\"}]}<\/script>\n<!-- \/ Yoast SEO plugin. -->","yoast_head_json":{"title":"Il bramito - JustExplorers","description":"Workshop di fotografia naturalistica nel Parco Nazionale d\u2019Abruzzo, Lazio e Molise alla ricerca della natura selvaggia con due biologi e fotografi.","robots":{"index":"noindex","follow":"follow","max-snippet":"max-snippet:-1","max-image-preview":"max-image-preview:large","max-video-preview":"max-video-preview:-1"},"og_locale":"en_US","og_type":"article","og_title":"Il bramito - JustExplorers","og_description":"Workshop di fotografia naturalistica nel Parco Nazionale d\u2019Abruzzo, Lazio e Molise alla ricerca della natura selvaggia con due biologi e fotografi.","og_url":"https:\/\/justexplorers.bitcrumbs-dev.it\/en\/product\/il-bramito\/","og_site_name":"JustExplorers","article_modified_time":"2025-02-17T10:21:10+00:00","og_image":[{"width":1800,"height":1200,"url":"https:\/\/justexplorers.bitcrumbs-dev.it\/wp-content\/uploads\/2024\/05\/locanda-bramito-x-just-explorers.jpg","type":"image\/jpeg"}],"twitter_card":"summary_large_image","twitter_misc":{"Est. reading time":"1 minute"},"schema":{"@context":"https:\/\/schema.org","@graph":[{"@type":"WebPage","@id":"https:\/\/justexplorers.bitcrumbs-dev.it\/product\/il-bramito\/","url":"https:\/\/justexplorers.bitcrumbs-dev.it\/product\/il-bramito\/","name":"Il bramito - JustExplorers","isPartOf":{"@id":"https:\/\/justexplorers.bitcrumbs-dev.it\/#website"},"primaryImageOfPage":{"@id":"https:\/\/justexplorers.bitcrumbs-dev.it\/product\/il-bramito\/#primaryimage"},"image":{"@id":"https:\/\/justexplorers.bitcrumbs-dev.it\/product\/il-bramito\/#primaryimage"},"thumbnailUrl":"https:\/\/justexplorers.bitcrumbs-dev.it\/wp-content\/uploads\/2024\/05\/locanda-bramito-x-just-explorers.jpg","datePublished":"2024-05-14T17:44:08+00:00","dateModified":"2025-02-17T10:21:10+00:00","description":"Workshop di fotografia naturalistica nel Parco Nazionale d\u2019Abruzzo, Lazio e Molise alla ricerca della natura selvaggia con due biologi e fotografi.","breadcrumb":{"@id":"https:\/\/justexplorers.bitcrumbs-dev.it\/product\/il-bramito\/#breadcrumb"},"inLanguage":"en-US","potentialAction":[{"@type":"ReadAction","target":["https:\/\/justexplorers.bitcrumbs-dev.it\/product\/il-bramito\/"]}]},{"@type":"ImageObject","inLanguage":"en-US","@id":"https:\/\/justexplorers.bitcrumbs-dev.it\/product\/il-bramito\/#primaryimage","url":"https:\/\/justexplorers.bitcrumbs-dev.it\/wp-content\/uploads\/2024\/05\/locanda-bramito-x-just-explorers.jpg","contentUrl":"https:\/\/justexplorers.bitcrumbs-dev.it\/wp-content\/uploads\/2024\/05\/locanda-bramito-x-just-explorers.jpg","width":1800,"height":1200,"caption":"il-bramito-workshop-di-fotografia-naturalistica-parco-nazionale-abruzzo-lazio-molise"},{"@type":"BreadcrumbList","@id":"https:\/\/justexplorers.bitcrumbs-dev.it\/product\/il-bramito\/#breadcrumb","itemListElement":[{"@type":"ListItem","position":1,"name":"Home","item":"https:\/\/justexplorers.bitcrumbs-dev.it\/"},{"@type":"ListItem","position":2,"name":"Shop","item":"https:\/\/justexplorers.bitcrumbs-dev.it\/negozio\/"},{"@type":"ListItem","position":3,"name":"Il bramito"}]},{"@type":"WebSite","@id":"https:\/\/justexplorers.bitcrumbs-dev.it\/#website","url":"https:\/\/justexplorers.bitcrumbs-dev.it\/","name":"JustExplorers","description":"","potentialAction":[{"@type":"SearchAction","target":{"@type":"EntryPoint","urlTemplate":"https:\/\/justexplorers.bitcrumbs-dev.it\/?s={search_term_string}"},"query-input":"required name=search_term_string"}],"inLanguage":"en-US"}]}},"_links":{"self":[{"href":"https:\/\/justexplorers.bitcrumbs-dev.it\/en\/wp-json\/wp\/v2\/product\/2752"}],"collection":[{"href":"https:\/\/justexplorers.bitcrumbs-dev.it\/en\/wp-json\/wp\/v2\/product"}],"about":[{"href":"https:\/\/justexplorers.bitcrumbs-dev.it\/en\/wp-json\/wp\/v2\/types\/product"}],"replies":[{"embeddable":true,"href":"https:\/\/justexplorers.bitcrumbs-dev.it\/en\/wp-json\/wp\/v2\/comments?post=2752"}],"wp:featuredmedia":[{"embeddable":true,"href":"https:\/\/justexplorers.bitcrumbs-dev.it\/en\/wp-json\/wp\/v2\/media\/2927"}],"wp:attachment":[{"href":"https:\/\/justexplorers.bitcrumbs-dev.it\/en\/wp-json\/wp\/v2\/media?parent=2752"}],"wp:term":[{"taxonomy":"product_cat","embeddable":true,"href":"https:\/\/justexplorers.bitcrumbs-dev.it\/en\/wp-json\/wp\/v2\/product_cat?post=2752"},{"taxonomy":"product_tag","embeddable":true,"href":"https:\/\/justexplorers.bitcrumbs-dev.it\/en\/wp-json\/wp\/v2\/product_tag?post=2752"}],"curies":[{"name":"wp","href":"https:\/\/api.w.org\/{rel}","templated":true}]}}