{"id":2883,"date":"2024-05-17T10:06:59","date_gmt":"2024-05-17T08:06:59","guid":{"rendered":"https:\/\/justexplorers.bitcrumbs-dev.it\/?post_type=product&#038;p=2883"},"modified":"2024-06-04T15:38:34","modified_gmt":"2024-06-04T13:38:34","slug":"snow-leopard-expedition","status":"publish","type":"product","link":"https:\/\/justexplorers.bitcrumbs-dev.it\/en\/product\/snow-leopard-expedition\/","title":{"rendered":"Snow Leopard Expedition"},"content":{"rendered":"<p>L&#8217;area di Kibber, nella Spiti Valley \u00e8 l\u2019area principale in cui si muove il leopardo delle nevi. Qui con l\u2019aiuto di esperte guide locali, si possono raggiungere luoghi incontaminati e osservare cose uniche. In particolare in questo periodo, poich\u00e8, nel cuore dell&#8217;inverno, le temperature scendono e con loro i Leopardi delle Nevi si abbassano di quota rendendo gli avvistamenti molto pi\u00f9 frequenti.<\/p>\n<p>Il leopardo delle nevi, anche soprannominato come &#8220;il fantasma delle montagne&#8221;, per la sua aura misteriosa, \u00e8 da sempre riconosciuto come il re di queste ambientazioni. Il loro habitat ideale, oltre i 3000 metri, offre per\u00f2 le condizioni ideali per una biodiversit\u00e0 che va ben oltre l&#8217;elusivo felino. Tra gli animali pi\u00f9 emblematici della regione, troviamo lo stambecco asiatico, la pecora blu himalayana, o bharal, le volpi rosse, aquile, Gipeti, lepri e con molta fortuna il lupo Tibetano. In questa valle vive anche il Gatto di Pallas, ma \u00e8 considerato praticamente un fantasma!<\/p>","protected":false},"excerpt":{"rendered":"<p>L&#8217;area di Kibber, nella Spiti Valley \u00e8 l\u2019area principale in cui si muove il leopardo delle nevi. Qui con l\u2019aiuto di esperte guide locali, si possono raggiungere luoghi incontaminati e osservare cose uniche. In particolare in questo periodo, poich\u00e8, nel cuore dell&#8217;inverno, le temperature scendono e con loro i Leopardi delle Nevi si abbassano di quota rendendo gli avvistamenti molto pi\u00f9 frequenti.<\/p>\n<p>Il leopardo delle nevi, anche soprannominato come &#8220;il fantasma delle montagne&#8221;, per la sua aura misteriosa, \u00e8 da sempre riconosciuto come il re di queste ambientazioni. Il loro habitat ideale, oltre i 3000 metri, offre per\u00f2 le condizioni ideali per una biodiversit\u00e0 che va ben oltre l&#8217;elusivo felino. Tra gli animali pi\u00f9 emblematici della regione, troviamo lo stambecco asiatico, la pecora blu himalayana, o bharal, le volpi rosse, aquile, Gipeti, lepri e con molta fortuna il lupo Tibetano. In questa valle vive anche il Gatto di Pallas, ma \u00e8 considerato praticamente un fantasma!<\/p>","protected":false},"featured_media":2920,"comment_status":"open","ping_status":"closed","template":"","meta":{"_acf_changed":false},"product_cat":[46],"product_tag":[93,67,66,62,99,75],"acf":[],"yoast_head":"<!-- This site is optimized with the Yoast SEO plugin v22.8 - https:\/\/yoast.com\/wordpress\/plugins\/seo\/ -->\n<title>Snow Leopard Expedition - JustExplorers<\/title>\n<meta name=\"description\" content=\"Una spedizione fotografica nelle iconiche montagne dell&#039;Himalaya alla ricerca del misterioso e sfuggente leopardo delle nevi\" \/>\n<meta name=\"robots\" content=\"noindex, follow, max-snippet:-1, max-image-preview:large, max-video-preview:-1\" \/>\n<meta property=\"og:locale\" content=\"en_US\" \/>\n<meta property=\"og:type\" content=\"article\" \/>\n<meta property=\"og:title\" content=\"Snow Leopard Expedition - JustExplorers\" \/>\n<meta property=\"og:description\" content=\"Una spedizione fotografica nelle iconiche montagne dell&#039;Himalaya alla ricerca del misterioso e sfuggente leopardo delle nevi\" \/>\n<meta property=\"og:url\" content=\"https:\/\/justexplorers.bitcrumbs-dev.it\/en\/product\/snow-leopard-expedition\/\" \/>\n<meta property=\"og:site_name\" content=\"JustExplorers\" \/>\n<meta property=\"article:modified_time\" content=\"2024-06-04T13:38:34+00:00\" \/>\n<meta property=\"og:image\" content=\"https:\/\/justexplorers.bitcrumbs-dev.it\/wp-content\/uploads\/2024\/05\/locanda-snow-leopard-expedition-x-just-explorers.jpg\" \/>\n\t<meta property=\"og:image:width\" content=\"2048\" \/>\n\t<meta property=\"og:image:height\" content=\"1365\" \/>\n\t<meta property=\"og:image:type\" content=\"image\/jpeg\" \/>\n<meta name=\"twitter:card\" content=\"summary_large_image\" \/>\n<meta name=\"twitter:label1\" content=\"Est. reading time\" \/>\n\t<meta name=\"twitter:data1\" content=\"2 minutes\" \/>\n<script type=\"application\/ld+json\" class=\"yoast-schema-graph\">{\"@context\":\"https:\/\/schema.org\",\"@graph\":[{\"@type\":\"WebPage\",\"@id\":\"https:\/\/justexplorers.bitcrumbs-dev.it\/product\/snow-leopard-expedition\/\",\"url\":\"https:\/\/justexplorers.bitcrumbs-dev.it\/product\/snow-leopard-expedition\/\",\"name\":\"Snow Leopard Expedition - JustExplorers\",\"isPartOf\":{\"@id\":\"https:\/\/justexplorers.bitcrumbs-dev.it\/#website\"},\"primaryImageOfPage\":{\"@id\":\"https:\/\/justexplorers.bitcrumbs-dev.it\/product\/snow-leopard-expedition\/#primaryimage\"},\"image\":{\"@id\":\"https:\/\/justexplorers.bitcrumbs-dev.it\/product\/snow-leopard-expedition\/#primaryimage\"},\"thumbnailUrl\":\"https:\/\/justexplorers.bitcrumbs-dev.it\/wp-content\/uploads\/2024\/05\/locanda-snow-leopard-expedition-x-just-explorers.jpg\",\"datePublished\":\"2024-05-17T08:06:59+00:00\",\"dateModified\":\"2024-06-04T13:38:34+00:00\",\"description\":\"Una spedizione fotografica nelle iconiche montagne dell'Himalaya alla ricerca del misterioso e sfuggente leopardo delle nevi\",\"breadcrumb\":{\"@id\":\"https:\/\/justexplorers.bitcrumbs-dev.it\/product\/snow-leopard-expedition\/#breadcrumb\"},\"inLanguage\":\"en-US\",\"potentialAction\":[{\"@type\":\"ReadAction\",\"target\":[\"https:\/\/justexplorers.bitcrumbs-dev.it\/product\/snow-leopard-expedition\/\"]}]},{\"@type\":\"ImageObject\",\"inLanguage\":\"en-US\",\"@id\":\"https:\/\/justexplorers.bitcrumbs-dev.it\/product\/snow-leopard-expedition\/#primaryimage\",\"url\":\"https:\/\/justexplorers.bitcrumbs-dev.it\/wp-content\/uploads\/2024\/05\/locanda-snow-leopard-expedition-x-just-explorers.jpg\",\"contentUrl\":\"https:\/\/justexplorers.bitcrumbs-dev.it\/wp-content\/uploads\/2024\/05\/locanda-snow-leopard-expedition-x-just-explorers.jpg\",\"width\":2048,\"height\":1365,\"caption\":\"snow-leopard-expedition-spiti-valley\"},{\"@type\":\"BreadcrumbList\",\"@id\":\"https:\/\/justexplorers.bitcrumbs-dev.it\/product\/snow-leopard-expedition\/#breadcrumb\",\"itemListElement\":[{\"@type\":\"ListItem\",\"position\":1,\"name\":\"Home\",\"item\":\"https:\/\/justexplorers.bitcrumbs-dev.it\/\"},{\"@type\":\"ListItem\",\"position\":2,\"name\":\"Shop\",\"item\":\"https:\/\/justexplorers.bitcrumbs-dev.it\/negozio\/\"},{\"@type\":\"ListItem\",\"position\":3,\"name\":\"Snow Leopard Expedition\"}]},{\"@type\":\"WebSite\",\"@id\":\"https:\/\/justexplorers.bitcrumbs-dev.it\/#website\",\"url\":\"https:\/\/justexplorers.bitcrumbs-dev.it\/\",\"name\":\"JustExplorers\",\"description\":\"\",\"potentialAction\":[{\"@type\":\"SearchAction\",\"target\":{\"@type\":\"EntryPoint\",\"urlTemplate\":\"https:\/\/justexplorers.bitcrumbs-dev.it\/?s={search_term_string}\"},\"query-input\":\"required name=search_term_string\"}],\"inLanguage\":\"en-US\"}]}<\/script>\n<!-- \/ Yoast SEO plugin. -->","yoast_head_json":{"title":"Snow Leopard Expedition - JustExplorers","description":"Una spedizione fotografica nelle iconiche montagne dell'Himalaya alla ricerca del misterioso e sfuggente leopardo delle nevi","robots":{"index":"noindex","follow":"follow","max-snippet":"max-snippet:-1","max-image-preview":"max-image-preview:large","max-video-preview":"max-video-preview:-1"},"og_locale":"en_US","og_type":"article","og_title":"Snow Leopard Expedition - JustExplorers","og_description":"Una spedizione fotografica nelle iconiche montagne dell'Himalaya alla ricerca del misterioso e sfuggente leopardo delle nevi","og_url":"https:\/\/justexplorers.bitcrumbs-dev.it\/en\/product\/snow-leopard-expedition\/","og_site_name":"JustExplorers","article_modified_time":"2024-06-04T13:38:34+00:00","og_image":[{"width":2048,"height":1365,"url":"https:\/\/justexplorers.bitcrumbs-dev.it\/wp-content\/uploads\/2024\/05\/locanda-snow-leopard-expedition-x-just-explorers.jpg","type":"image\/jpeg"}],"twitter_card":"summary_large_image","twitter_misc":{"Est. reading time":"2 minutes"},"schema":{"@context":"https:\/\/schema.org","@graph":[{"@type":"WebPage","@id":"https:\/\/justexplorers.bitcrumbs-dev.it\/product\/snow-leopard-expedition\/","url":"https:\/\/justexplorers.bitcrumbs-dev.it\/product\/snow-leopard-expedition\/","name":"Snow Leopard Expedition - JustExplorers","isPartOf":{"@id":"https:\/\/justexplorers.bitcrumbs-dev.it\/#website"},"primaryImageOfPage":{"@id":"https:\/\/justexplorers.bitcrumbs-dev.it\/product\/snow-leopard-expedition\/#primaryimage"},"image":{"@id":"https:\/\/justexplorers.bitcrumbs-dev.it\/product\/snow-leopard-expedition\/#primaryimage"},"thumbnailUrl":"https:\/\/justexplorers.bitcrumbs-dev.it\/wp-content\/uploads\/2024\/05\/locanda-snow-leopard-expedition-x-just-explorers.jpg","datePublished":"2024-05-17T08:06:59+00:00","dateModified":"2024-06-04T13:38:34+00:00","description":"Una spedizione fotografica nelle iconiche montagne dell'Himalaya alla ricerca del misterioso e sfuggente leopardo delle nevi","breadcrumb":{"@id":"https:\/\/justexplorers.bitcrumbs-dev.it\/product\/snow-leopard-expedition\/#breadcrumb"},"inLanguage":"en-US","potentialAction":[{"@type":"ReadAction","target":["https:\/\/justexplorers.bitcrumbs-dev.it\/product\/snow-leopard-expedition\/"]}]},{"@type":"ImageObject","inLanguage":"en-US","@id":"https:\/\/justexplorers.bitcrumbs-dev.it\/product\/snow-leopard-expedition\/#primaryimage","url":"https:\/\/justexplorers.bitcrumbs-dev.it\/wp-content\/uploads\/2024\/05\/locanda-snow-leopard-expedition-x-just-explorers.jpg","contentUrl":"https:\/\/justexplorers.bitcrumbs-dev.it\/wp-content\/uploads\/2024\/05\/locanda-snow-leopard-expedition-x-just-explorers.jpg","width":2048,"height":1365,"caption":"snow-leopard-expedition-spiti-valley"},{"@type":"BreadcrumbList","@id":"https:\/\/justexplorers.bitcrumbs-dev.it\/product\/snow-leopard-expedition\/#breadcrumb","itemListElement":[{"@type":"ListItem","position":1,"name":"Home","item":"https:\/\/justexplorers.bitcrumbs-dev.it\/"},{"@type":"ListItem","position":2,"name":"Shop","item":"https:\/\/justexplorers.bitcrumbs-dev.it\/negozio\/"},{"@type":"ListItem","position":3,"name":"Snow Leopard Expedition"}]},{"@type":"WebSite","@id":"https:\/\/justexplorers.bitcrumbs-dev.it\/#website","url":"https:\/\/justexplorers.bitcrumbs-dev.it\/","name":"JustExplorers","description":"","potentialAction":[{"@type":"SearchAction","target":{"@type":"EntryPoint","urlTemplate":"https:\/\/justexplorers.bitcrumbs-dev.it\/?s={search_term_string}"},"query-input":"required name=search_term_string"}],"inLanguage":"en-US"}]}},"_links":{"self":[{"href":"https:\/\/justexplorers.bitcrumbs-dev.it\/en\/wp-json\/wp\/v2\/product\/2883"}],"collection":[{"href":"https:\/\/justexplorers.bitcrumbs-dev.it\/en\/wp-json\/wp\/v2\/product"}],"about":[{"href":"https:\/\/justexplorers.bitcrumbs-dev.it\/en\/wp-json\/wp\/v2\/types\/product"}],"replies":[{"embeddable":true,"href":"https:\/\/justexplorers.bitcrumbs-dev.it\/en\/wp-json\/wp\/v2\/comments?post=2883"}],"wp:featuredmedia":[{"embeddable":true,"href":"https:\/\/justexplorers.bitcrumbs-dev.it\/en\/wp-json\/wp\/v2\/media\/2920"}],"wp:attachment":[{"href":"https:\/\/justexplorers.bitcrumbs-dev.it\/en\/wp-json\/wp\/v2\/media?parent=2883"}],"wp:term":[{"taxonomy":"product_cat","embeddable":true,"href":"https:\/\/justexplorers.bitcrumbs-dev.it\/en\/wp-json\/wp\/v2\/product_cat?post=2883"},{"taxonomy":"product_tag","embeddable":true,"href":"https:\/\/justexplorers.bitcrumbs-dev.it\/en\/wp-json\/wp\/v2\/product_tag?post=2883"}],"curies":[{"name":"wp","href":"https:\/\/api.w.org\/{rel}","templated":true}]}}