{"id":2903,"date":"2024-05-17T14:07:22","date_gmt":"2024-05-17T12:07:22","guid":{"rendered":"https:\/\/justexplorers.bitcrumbs-dev.it\/?post_type=product&#038;p=2903"},"modified":"2024-05-29T15:49:14","modified_gmt":"2024-05-29T13:49:14","slug":"lynx-tour-spain","status":"publish","type":"product","link":"https:\/\/justexplorers.bitcrumbs-dev.it\/en\/product\/lynx-tour-spain\/","title":{"rendered":"Lynx Tour"},"content":{"rendered":"<p>Ti troverai nelle splendide terre spagnole, nelle pendici pi\u00f9 settentrionali della Sierra Morena e del Parco Naturale della Sierra di Andujar. Questi luoghi ospitano una delle pi\u00f9 alte densit\u00e0 di lince pardina nella penisola iberica.<\/p>\n<p>Questo magnifico felino \u00e8 uno dei pi\u00f9 minacciati al mondo, ma grazie agli sforzi congiunti per preservare il suo habitat e gestire la popolazione di conigli selvatici (che rappresentano il 90% della sua dieta), la lince pardina sta tornando a popolare questi territori. Fino a pochi decenni fa, si contavano solo 94 individui sopravvissuti, ma oggi, grazie alle azioni di conservazione, la popolazione supera gi\u00e0 le 1000 linci.<\/p>\n<p>Unisciti a noi in questo viaggio unico nel cuore della natura selvaggia, dove avrai l\u2019opportunit\u00e0 di catturare con la tua fotocamera la grazia e la bellezza di queste magnifiche creature. Preparati a scattare foto indimenticabili, ad immergerti nella storia di successo della conservazione e a sperimentare un\u2019emozione unica nel testimoniare la rinascita di una specie a rischio.<\/p>\n<p>Scopri con i tuoi occhi la magia della lince pardina mentre esplori gli habitat riconquistati e vivi l\u2019incredibile storia di sopravvivenza di questo affascinante felino.<\/p>\n<p>Unisciti a noi in questa straordinaria avventura fotografica e aiutaci a preservare e proteggere questo tesoro naturale per le generazioni future.<\/p>","protected":false},"excerpt":{"rendered":"<p>Saranno sei giorni intensi, dedicati all\u2019esplorazione di queste terre, concentrandoci sulle preziose pozze d\u2019acqua. La nostra missione sar\u00e0 quella di avvistare uno dei felini pi\u00f9 sfuggenti e minacciati del mondo, nel pi\u00f9 totale rispetto per la natura che ci circonda. Grazie all\u2019esclusivo accesso a dei capanni fotografici interrati, potremo osservare e immortalare questo incredibile felino senza disturbare le sue abitudini innate, con un punto di ripresa perfetto.<\/p>\n<p>Ogni capanno si affaccia su una pozza d\u2019acqua, dove la Lince e molte altre specie si recano per dissetarsi durante le torride giornate estive. Potremmo avere la fortuna di assistere alle tenere cure parentali della lince, che guida i suoi cuccioli proprio di fronte ai nostri occhi, creando momenti di grande emozione.<\/p>\n<p>Ma la Lince non sar\u00e0 l\u2019unica protagonista di questa straordinaria avventura. Avremo l\u2019opportunit\u00e0 di ammirare una variet\u00e0 di specie di avifauna, come il picchio verde, il picchio rosso maggiore, la pernice rossa, il fagiano, la civetta e diverse specie di cince, il codibugnolo, la tortora selvatica, l\u2019upupa e molte altre ancora. E non dimentichiamoci dei piccoli mammiferi che popolano queste terre, come il coniglio selvatico, che animeranno il paesaggio con la loro grazia.<\/p>\n<p>L\u2019obiettivo di questo tour \u00e8 vivere un\u2019esperienza unica, in perfetta armonia con la natura e senza disturbare minimamente il delicato equilibrio degli animali e dell\u2019ambiente circostante. La Lince pardina sar\u00e0 il fulcro di questa avventura straordinaria, una specie affascinante per la sua storia e per l\u2019ecologia che la circonda.<\/p>","protected":false},"featured_media":2918,"comment_status":"open","ping_status":"closed","template":"","meta":{"_acf_changed":false},"product_cat":[55,24],"product_tag":[67,66],"acf":[],"yoast_head":"<!-- This site is optimized with the Yoast SEO plugin v22.8 - https:\/\/yoast.com\/wordpress\/plugins\/seo\/ -->\n<title>Lynx Tour - JustExplorers<\/title>\n<meta name=\"description\" content=\"Esplora il mondo incantato della lince pardina: un tour fotografico di 6 giorni alla scoperta di uno dei felini pi\u00f9 rari al mondo!\" \/>\n<meta name=\"robots\" content=\"noindex, follow, max-snippet:-1, max-image-preview:large, max-video-preview:-1\" \/>\n<meta property=\"og:locale\" content=\"en_US\" \/>\n<meta property=\"og:type\" content=\"article\" \/>\n<meta property=\"og:title\" content=\"Lynx Tour - JustExplorers\" \/>\n<meta property=\"og:description\" content=\"Esplora il mondo incantato della lince pardina: un tour fotografico di 6 giorni alla scoperta di uno dei felini pi\u00f9 rari al mondo!\" \/>\n<meta property=\"og:url\" content=\"https:\/\/justexplorers.bitcrumbs-dev.it\/en\/product\/lynx-tour-spain\/\" \/>\n<meta property=\"og:site_name\" content=\"JustExplorers\" \/>\n<meta property=\"article:modified_time\" content=\"2024-05-29T13:49:14+00:00\" \/>\n<meta property=\"og:image\" content=\"https:\/\/justexplorers.bitcrumbs-dev.it\/wp-content\/uploads\/2024\/05\/Locanda-Lynx-Tour-x-JustExplorers.jpg\" \/>\n\t<meta property=\"og:image:width\" content=\"2048\" \/>\n\t<meta property=\"og:image:height\" content=\"1365\" \/>\n\t<meta property=\"og:image:type\" content=\"image\/jpeg\" \/>\n<meta name=\"twitter:card\" content=\"summary_large_image\" \/>\n<meta name=\"twitter:label1\" content=\"Est. reading time\" \/>\n\t<meta name=\"twitter:data1\" content=\"2 minutes\" \/>\n<script type=\"application\/ld+json\" class=\"yoast-schema-graph\">{\"@context\":\"https:\/\/schema.org\",\"@graph\":[{\"@type\":\"WebPage\",\"@id\":\"https:\/\/justexplorers.bitcrumbs-dev.it\/product\/lynx-tour-spain\/\",\"url\":\"https:\/\/justexplorers.bitcrumbs-dev.it\/product\/lynx-tour-spain\/\",\"name\":\"Lynx Tour - JustExplorers\",\"isPartOf\":{\"@id\":\"https:\/\/justexplorers.bitcrumbs-dev.it\/#website\"},\"primaryImageOfPage\":{\"@id\":\"https:\/\/justexplorers.bitcrumbs-dev.it\/product\/lynx-tour-spain\/#primaryimage\"},\"image\":{\"@id\":\"https:\/\/justexplorers.bitcrumbs-dev.it\/product\/lynx-tour-spain\/#primaryimage\"},\"thumbnailUrl\":\"https:\/\/justexplorers.bitcrumbs-dev.it\/wp-content\/uploads\/2024\/05\/Locanda-Lynx-Tour-x-JustExplorers.jpg\",\"datePublished\":\"2024-05-17T12:07:22+00:00\",\"dateModified\":\"2024-05-29T13:49:14+00:00\",\"description\":\"Esplora il mondo incantato della lince pardina: un tour fotografico di 6 giorni alla scoperta di uno dei felini pi\u00f9 rari al mondo!\",\"breadcrumb\":{\"@id\":\"https:\/\/justexplorers.bitcrumbs-dev.it\/product\/lynx-tour-spain\/#breadcrumb\"},\"inLanguage\":\"en-US\",\"potentialAction\":[{\"@type\":\"ReadAction\",\"target\":[\"https:\/\/justexplorers.bitcrumbs-dev.it\/product\/lynx-tour-spain\/\"]}]},{\"@type\":\"ImageObject\",\"inLanguage\":\"en-US\",\"@id\":\"https:\/\/justexplorers.bitcrumbs-dev.it\/product\/lynx-tour-spain\/#primaryimage\",\"url\":\"https:\/\/justexplorers.bitcrumbs-dev.it\/wp-content\/uploads\/2024\/05\/Locanda-Lynx-Tour-x-JustExplorers.jpg\",\"contentUrl\":\"https:\/\/justexplorers.bitcrumbs-dev.it\/wp-content\/uploads\/2024\/05\/Locanda-Lynx-Tour-x-JustExplorers.jpg\",\"width\":2048,\"height\":1365,\"caption\":\"Lynx-tour-iberian-lynx-photography\"},{\"@type\":\"BreadcrumbList\",\"@id\":\"https:\/\/justexplorers.bitcrumbs-dev.it\/product\/lynx-tour-spain\/#breadcrumb\",\"itemListElement\":[{\"@type\":\"ListItem\",\"position\":1,\"name\":\"Home\",\"item\":\"https:\/\/justexplorers.bitcrumbs-dev.it\/\"},{\"@type\":\"ListItem\",\"position\":2,\"name\":\"Shop\",\"item\":\"https:\/\/justexplorers.bitcrumbs-dev.it\/negozio\/\"},{\"@type\":\"ListItem\",\"position\":3,\"name\":\"Lynx Tour\"}]},{\"@type\":\"WebSite\",\"@id\":\"https:\/\/justexplorers.bitcrumbs-dev.it\/#website\",\"url\":\"https:\/\/justexplorers.bitcrumbs-dev.it\/\",\"name\":\"JustExplorers\",\"description\":\"\",\"potentialAction\":[{\"@type\":\"SearchAction\",\"target\":{\"@type\":\"EntryPoint\",\"urlTemplate\":\"https:\/\/justexplorers.bitcrumbs-dev.it\/?s={search_term_string}\"},\"query-input\":\"required name=search_term_string\"}],\"inLanguage\":\"en-US\"}]}<\/script>\n<!-- \/ Yoast SEO plugin. -->","yoast_head_json":{"title":"Lynx Tour - JustExplorers","description":"Esplora il mondo incantato della lince pardina: un tour fotografico di 6 giorni alla scoperta di uno dei felini pi\u00f9 rari al mondo!","robots":{"index":"noindex","follow":"follow","max-snippet":"max-snippet:-1","max-image-preview":"max-image-preview:large","max-video-preview":"max-video-preview:-1"},"og_locale":"en_US","og_type":"article","og_title":"Lynx Tour - JustExplorers","og_description":"Esplora il mondo incantato della lince pardina: un tour fotografico di 6 giorni alla scoperta di uno dei felini pi\u00f9 rari al mondo!","og_url":"https:\/\/justexplorers.bitcrumbs-dev.it\/en\/product\/lynx-tour-spain\/","og_site_name":"JustExplorers","article_modified_time":"2024-05-29T13:49:14+00:00","og_image":[{"width":2048,"height":1365,"url":"https:\/\/justexplorers.bitcrumbs-dev.it\/wp-content\/uploads\/2024\/05\/Locanda-Lynx-Tour-x-JustExplorers.jpg","type":"image\/jpeg"}],"twitter_card":"summary_large_image","twitter_misc":{"Est. reading time":"2 minutes"},"schema":{"@context":"https:\/\/schema.org","@graph":[{"@type":"WebPage","@id":"https:\/\/justexplorers.bitcrumbs-dev.it\/product\/lynx-tour-spain\/","url":"https:\/\/justexplorers.bitcrumbs-dev.it\/product\/lynx-tour-spain\/","name":"Lynx Tour - JustExplorers","isPartOf":{"@id":"https:\/\/justexplorers.bitcrumbs-dev.it\/#website"},"primaryImageOfPage":{"@id":"https:\/\/justexplorers.bitcrumbs-dev.it\/product\/lynx-tour-spain\/#primaryimage"},"image":{"@id":"https:\/\/justexplorers.bitcrumbs-dev.it\/product\/lynx-tour-spain\/#primaryimage"},"thumbnailUrl":"https:\/\/justexplorers.bitcrumbs-dev.it\/wp-content\/uploads\/2024\/05\/Locanda-Lynx-Tour-x-JustExplorers.jpg","datePublished":"2024-05-17T12:07:22+00:00","dateModified":"2024-05-29T13:49:14+00:00","description":"Esplora il mondo incantato della lince pardina: un tour fotografico di 6 giorni alla scoperta di uno dei felini pi\u00f9 rari al mondo!","breadcrumb":{"@id":"https:\/\/justexplorers.bitcrumbs-dev.it\/product\/lynx-tour-spain\/#breadcrumb"},"inLanguage":"en-US","potentialAction":[{"@type":"ReadAction","target":["https:\/\/justexplorers.bitcrumbs-dev.it\/product\/lynx-tour-spain\/"]}]},{"@type":"ImageObject","inLanguage":"en-US","@id":"https:\/\/justexplorers.bitcrumbs-dev.it\/product\/lynx-tour-spain\/#primaryimage","url":"https:\/\/justexplorers.bitcrumbs-dev.it\/wp-content\/uploads\/2024\/05\/Locanda-Lynx-Tour-x-JustExplorers.jpg","contentUrl":"https:\/\/justexplorers.bitcrumbs-dev.it\/wp-content\/uploads\/2024\/05\/Locanda-Lynx-Tour-x-JustExplorers.jpg","width":2048,"height":1365,"caption":"Lynx-tour-iberian-lynx-photography"},{"@type":"BreadcrumbList","@id":"https:\/\/justexplorers.bitcrumbs-dev.it\/product\/lynx-tour-spain\/#breadcrumb","itemListElement":[{"@type":"ListItem","position":1,"name":"Home","item":"https:\/\/justexplorers.bitcrumbs-dev.it\/"},{"@type":"ListItem","position":2,"name":"Shop","item":"https:\/\/justexplorers.bitcrumbs-dev.it\/negozio\/"},{"@type":"ListItem","position":3,"name":"Lynx Tour"}]},{"@type":"WebSite","@id":"https:\/\/justexplorers.bitcrumbs-dev.it\/#website","url":"https:\/\/justexplorers.bitcrumbs-dev.it\/","name":"JustExplorers","description":"","potentialAction":[{"@type":"SearchAction","target":{"@type":"EntryPoint","urlTemplate":"https:\/\/justexplorers.bitcrumbs-dev.it\/?s={search_term_string}"},"query-input":"required name=search_term_string"}],"inLanguage":"en-US"}]}},"_links":{"self":[{"href":"https:\/\/justexplorers.bitcrumbs-dev.it\/en\/wp-json\/wp\/v2\/product\/2903"}],"collection":[{"href":"https:\/\/justexplorers.bitcrumbs-dev.it\/en\/wp-json\/wp\/v2\/product"}],"about":[{"href":"https:\/\/justexplorers.bitcrumbs-dev.it\/en\/wp-json\/wp\/v2\/types\/product"}],"replies":[{"embeddable":true,"href":"https:\/\/justexplorers.bitcrumbs-dev.it\/en\/wp-json\/wp\/v2\/comments?post=2903"}],"wp:featuredmedia":[{"embeddable":true,"href":"https:\/\/justexplorers.bitcrumbs-dev.it\/en\/wp-json\/wp\/v2\/media\/2918"}],"wp:attachment":[{"href":"https:\/\/justexplorers.bitcrumbs-dev.it\/en\/wp-json\/wp\/v2\/media?parent=2903"}],"wp:term":[{"taxonomy":"product_cat","embeddable":true,"href":"https:\/\/justexplorers.bitcrumbs-dev.it\/en\/wp-json\/wp\/v2\/product_cat?post=2903"},{"taxonomy":"product_tag","embeddable":true,"href":"https:\/\/justexplorers.bitcrumbs-dev.it\/en\/wp-json\/wp\/v2\/product_tag?post=2903"}],"curies":[{"name":"wp","href":"https:\/\/api.w.org\/{rel}","templated":true}]}}