{"id":2975,"date":"2024-05-19T22:39:03","date_gmt":"2024-05-19T20:39:03","guid":{"rendered":"https:\/\/justexplorers.bitcrumbs-dev.it\/?post_type=product&#038;p=2975"},"modified":"2024-06-06T14:18:49","modified_gmt":"2024-06-06T12:18:49","slug":"jaguar-expedition-pantanal-giaguaro-tour-fotografico","status":"publish","type":"product","link":"https:\/\/justexplorers.bitcrumbs-dev.it\/en\/product\/jaguar-expedition-pantanal-giaguaro-tour-fotografico\/","title":{"rendered":"Jaguar Expedition"},"content":{"rendered":"<p>Un workshop fotografico ai confini del nord Europa alla ricerca dei pi\u00f9 importanti grandi predatori di questo continente.<\/p>\n<p>Con un trasferimento privato ci immergeremo nelle infinite foreste finlandesi fino a raggiungere il nostro base camp. Qui troveremo diverse strutture completamente in legno dotate di tutti i servizi come elettricit\u00e0, acqua corrente, camere da letto, wi-fi e<span class=\"Apple-converted-space\">\u00a0\u00a0<\/span>un cuoco che cuciner\u00e0 per il gruppo. Sfrutteremo le bellissime luci nordiche per osservare e fotografare lupi, orsi, ghiottoni e se fortunati anche aquile di mare coda bianca, aquile reali e altri animali!<\/p>\n<p>Sar\u00e0 un full immersione dai migliori capanni fotografici dove effettueremo sessioni fotografiche sfruttando ogni minuti di luce del pomeriggio e del tramonto aspettando poi le prime luci dell\u2019alba. Porteremo con noi cibo, acqua e un sacco a pelo se si volesse dormire nelle poche ore notturne (i capanni sono forniti di piccolo bagni e letti per riposare).<\/p>\n<p>Infatti in questo periodo dell\u2019anno il sole tramonta solo per poche ore dandoci la possibilit\u00e0 di continuare a fotografare per tantissimo tempo.<\/p>\n<p>I capanni sono estremamente comodi e al loro interno troviamo lo spazio per alzarsi in piedi, sdraiarsi e comode sedie per scattare. Terminate le sessioni fotografiche torneremo al campo base dove potremo riposare, osservare le fotografie scattate, ricaricare le attrezzature e ovviamente mangiare ottimi pasti caldi.<\/p>","protected":false},"excerpt":{"rendered":"<p>Unisciti a noi in un\u2019avventura esclusiva. Sarai guidato da un fotografo professionista, e da guide locali certificate con collaborazioni National Geographic.<br \/>\n6 giorni in uno splendido lodge a Porto Joffre: Goditi il comfort e l\u2019ospitalit\u00e0 in un ambiente affascinante e ricco di natura. 5 giorni in barca privata: Esplora le acque misteriose e avvicinati come mai prima d\u2019ora alla fauna selvatica. 10-12 ore di attivit\u00e0 fotografica al giorno: Immergiti completamente e cattura immagini mozzafiato.<\/p>\n<p>Questo viaggio fotografico nel Pantanal \u00e8 un\u2019esperienza che arricchir\u00e0 la tua anima e affiner\u00e0 le tue abilit\u00e0 fotografiche. Non perdere l\u2019occasione di essere parte di questa avventura straordinaria.<\/p>","protected":false},"featured_media":2976,"comment_status":"open","ping_status":"closed","template":"","meta":{"_acf_changed":false},"product_cat":[57,58],"product_tag":[94,67,66],"acf":[],"yoast_head":"<!-- This site is optimized with the Yoast SEO plugin v22.8 - https:\/\/yoast.com\/wordpress\/plugins\/seo\/ -->\n<title>Jaguar Expedition - JustExplorers<\/title>\n<meta name=\"description\" content=\"Una full immersion fotografica a Porto Joffre, Pantanal alla cerca del maestoso giaguaro e della fauna pi\u00f9 significativa del Mato Grosso, Brasile.\" \/>\n<meta name=\"robots\" content=\"noindex, follow, max-snippet:-1, max-image-preview:large, max-video-preview:-1\" \/>\n<meta property=\"og:locale\" content=\"en_US\" \/>\n<meta property=\"og:type\" content=\"article\" \/>\n<meta property=\"og:title\" content=\"Jaguar Expedition - JustExplorers\" \/>\n<meta property=\"og:description\" content=\"Una full immersion fotografica a Porto Joffre, Pantanal alla cerca del maestoso giaguaro e della fauna pi\u00f9 significativa del Mato Grosso, Brasile.\" \/>\n<meta property=\"og:url\" content=\"https:\/\/justexplorers.bitcrumbs-dev.it\/en\/product\/jaguar-expedition-pantanal-giaguaro-tour-fotografico\/\" \/>\n<meta property=\"og:site_name\" content=\"JustExplorers\" \/>\n<meta property=\"article:modified_time\" content=\"2024-06-06T12:18:49+00:00\" \/>\n<meta property=\"og:image\" content=\"https:\/\/justexplorers.bitcrumbs-dev.it\/wp-content\/uploads\/2024\/05\/shutterstock_1562311105-sharpened.jpg\" \/>\n\t<meta property=\"og:image:width\" content=\"1400\" \/>\n\t<meta property=\"og:image:height\" content=\"933\" \/>\n\t<meta property=\"og:image:type\" content=\"image\/jpeg\" \/>\n<meta name=\"twitter:card\" content=\"summary_large_image\" \/>\n<meta name=\"twitter:label1\" content=\"Est. reading time\" \/>\n\t<meta name=\"twitter:data1\" content=\"2 minutes\" \/>\n<script type=\"application\/ld+json\" class=\"yoast-schema-graph\">{\"@context\":\"https:\/\/schema.org\",\"@graph\":[{\"@type\":\"WebPage\",\"@id\":\"https:\/\/justexplorers.bitcrumbs-dev.it\/product\/jaguar-expedition-pantanal-giaguaro-tour-fotografico\/\",\"url\":\"https:\/\/justexplorers.bitcrumbs-dev.it\/product\/jaguar-expedition-pantanal-giaguaro-tour-fotografico\/\",\"name\":\"Jaguar Expedition - JustExplorers\",\"isPartOf\":{\"@id\":\"https:\/\/justexplorers.bitcrumbs-dev.it\/#website\"},\"primaryImageOfPage\":{\"@id\":\"https:\/\/justexplorers.bitcrumbs-dev.it\/product\/jaguar-expedition-pantanal-giaguaro-tour-fotografico\/#primaryimage\"},\"image\":{\"@id\":\"https:\/\/justexplorers.bitcrumbs-dev.it\/product\/jaguar-expedition-pantanal-giaguaro-tour-fotografico\/#primaryimage\"},\"thumbnailUrl\":\"https:\/\/justexplorers.bitcrumbs-dev.it\/wp-content\/uploads\/2024\/05\/shutterstock_1562311105-sharpened.jpg\",\"datePublished\":\"2024-05-19T20:39:03+00:00\",\"dateModified\":\"2024-06-06T12:18:49+00:00\",\"description\":\"Una full immersion fotografica a Porto Joffre, Pantanal alla cerca del maestoso giaguaro e della fauna pi\u00f9 significativa del Mato Grosso, Brasile.\",\"breadcrumb\":{\"@id\":\"https:\/\/justexplorers.bitcrumbs-dev.it\/product\/jaguar-expedition-pantanal-giaguaro-tour-fotografico\/#breadcrumb\"},\"inLanguage\":\"en-US\",\"potentialAction\":[{\"@type\":\"ReadAction\",\"target\":[\"https:\/\/justexplorers.bitcrumbs-dev.it\/product\/jaguar-expedition-pantanal-giaguaro-tour-fotografico\/\"]}]},{\"@type\":\"ImageObject\",\"inLanguage\":\"en-US\",\"@id\":\"https:\/\/justexplorers.bitcrumbs-dev.it\/product\/jaguar-expedition-pantanal-giaguaro-tour-fotografico\/#primaryimage\",\"url\":\"https:\/\/justexplorers.bitcrumbs-dev.it\/wp-content\/uploads\/2024\/05\/shutterstock_1562311105-sharpened.jpg\",\"contentUrl\":\"https:\/\/justexplorers.bitcrumbs-dev.it\/wp-content\/uploads\/2024\/05\/shutterstock_1562311105-sharpened.jpg\",\"width\":1400,\"height\":933,\"caption\":\"jaguar-expedition-pantanal-brasile-brazil\"},{\"@type\":\"BreadcrumbList\",\"@id\":\"https:\/\/justexplorers.bitcrumbs-dev.it\/product\/jaguar-expedition-pantanal-giaguaro-tour-fotografico\/#breadcrumb\",\"itemListElement\":[{\"@type\":\"ListItem\",\"position\":1,\"name\":\"Home\",\"item\":\"https:\/\/justexplorers.bitcrumbs-dev.it\/\"},{\"@type\":\"ListItem\",\"position\":2,\"name\":\"Shop\",\"item\":\"https:\/\/justexplorers.bitcrumbs-dev.it\/negozio\/\"},{\"@type\":\"ListItem\",\"position\":3,\"name\":\"Jaguar Expedition\"}]},{\"@type\":\"WebSite\",\"@id\":\"https:\/\/justexplorers.bitcrumbs-dev.it\/#website\",\"url\":\"https:\/\/justexplorers.bitcrumbs-dev.it\/\",\"name\":\"JustExplorers\",\"description\":\"\",\"potentialAction\":[{\"@type\":\"SearchAction\",\"target\":{\"@type\":\"EntryPoint\",\"urlTemplate\":\"https:\/\/justexplorers.bitcrumbs-dev.it\/?s={search_term_string}\"},\"query-input\":\"required name=search_term_string\"}],\"inLanguage\":\"en-US\"}]}<\/script>\n<!-- \/ Yoast SEO plugin. -->","yoast_head_json":{"title":"Jaguar Expedition - JustExplorers","description":"Una full immersion fotografica a Porto Joffre, Pantanal alla cerca del maestoso giaguaro e della fauna pi\u00f9 significativa del Mato Grosso, Brasile.","robots":{"index":"noindex","follow":"follow","max-snippet":"max-snippet:-1","max-image-preview":"max-image-preview:large","max-video-preview":"max-video-preview:-1"},"og_locale":"en_US","og_type":"article","og_title":"Jaguar Expedition - JustExplorers","og_description":"Una full immersion fotografica a Porto Joffre, Pantanal alla cerca del maestoso giaguaro e della fauna pi\u00f9 significativa del Mato Grosso, Brasile.","og_url":"https:\/\/justexplorers.bitcrumbs-dev.it\/en\/product\/jaguar-expedition-pantanal-giaguaro-tour-fotografico\/","og_site_name":"JustExplorers","article_modified_time":"2024-06-06T12:18:49+00:00","og_image":[{"width":1400,"height":933,"url":"https:\/\/justexplorers.bitcrumbs-dev.it\/wp-content\/uploads\/2024\/05\/shutterstock_1562311105-sharpened.jpg","type":"image\/jpeg"}],"twitter_card":"summary_large_image","twitter_misc":{"Est. reading time":"2 minutes"},"schema":{"@context":"https:\/\/schema.org","@graph":[{"@type":"WebPage","@id":"https:\/\/justexplorers.bitcrumbs-dev.it\/product\/jaguar-expedition-pantanal-giaguaro-tour-fotografico\/","url":"https:\/\/justexplorers.bitcrumbs-dev.it\/product\/jaguar-expedition-pantanal-giaguaro-tour-fotografico\/","name":"Jaguar Expedition - JustExplorers","isPartOf":{"@id":"https:\/\/justexplorers.bitcrumbs-dev.it\/#website"},"primaryImageOfPage":{"@id":"https:\/\/justexplorers.bitcrumbs-dev.it\/product\/jaguar-expedition-pantanal-giaguaro-tour-fotografico\/#primaryimage"},"image":{"@id":"https:\/\/justexplorers.bitcrumbs-dev.it\/product\/jaguar-expedition-pantanal-giaguaro-tour-fotografico\/#primaryimage"},"thumbnailUrl":"https:\/\/justexplorers.bitcrumbs-dev.it\/wp-content\/uploads\/2024\/05\/shutterstock_1562311105-sharpened.jpg","datePublished":"2024-05-19T20:39:03+00:00","dateModified":"2024-06-06T12:18:49+00:00","description":"Una full immersion fotografica a Porto Joffre, Pantanal alla cerca del maestoso giaguaro e della fauna pi\u00f9 significativa del Mato Grosso, Brasile.","breadcrumb":{"@id":"https:\/\/justexplorers.bitcrumbs-dev.it\/product\/jaguar-expedition-pantanal-giaguaro-tour-fotografico\/#breadcrumb"},"inLanguage":"en-US","potentialAction":[{"@type":"ReadAction","target":["https:\/\/justexplorers.bitcrumbs-dev.it\/product\/jaguar-expedition-pantanal-giaguaro-tour-fotografico\/"]}]},{"@type":"ImageObject","inLanguage":"en-US","@id":"https:\/\/justexplorers.bitcrumbs-dev.it\/product\/jaguar-expedition-pantanal-giaguaro-tour-fotografico\/#primaryimage","url":"https:\/\/justexplorers.bitcrumbs-dev.it\/wp-content\/uploads\/2024\/05\/shutterstock_1562311105-sharpened.jpg","contentUrl":"https:\/\/justexplorers.bitcrumbs-dev.it\/wp-content\/uploads\/2024\/05\/shutterstock_1562311105-sharpened.jpg","width":1400,"height":933,"caption":"jaguar-expedition-pantanal-brasile-brazil"},{"@type":"BreadcrumbList","@id":"https:\/\/justexplorers.bitcrumbs-dev.it\/product\/jaguar-expedition-pantanal-giaguaro-tour-fotografico\/#breadcrumb","itemListElement":[{"@type":"ListItem","position":1,"name":"Home","item":"https:\/\/justexplorers.bitcrumbs-dev.it\/"},{"@type":"ListItem","position":2,"name":"Shop","item":"https:\/\/justexplorers.bitcrumbs-dev.it\/negozio\/"},{"@type":"ListItem","position":3,"name":"Jaguar Expedition"}]},{"@type":"WebSite","@id":"https:\/\/justexplorers.bitcrumbs-dev.it\/#website","url":"https:\/\/justexplorers.bitcrumbs-dev.it\/","name":"JustExplorers","description":"","potentialAction":[{"@type":"SearchAction","target":{"@type":"EntryPoint","urlTemplate":"https:\/\/justexplorers.bitcrumbs-dev.it\/?s={search_term_string}"},"query-input":"required name=search_term_string"}],"inLanguage":"en-US"}]}},"_links":{"self":[{"href":"https:\/\/justexplorers.bitcrumbs-dev.it\/en\/wp-json\/wp\/v2\/product\/2975"}],"collection":[{"href":"https:\/\/justexplorers.bitcrumbs-dev.it\/en\/wp-json\/wp\/v2\/product"}],"about":[{"href":"https:\/\/justexplorers.bitcrumbs-dev.it\/en\/wp-json\/wp\/v2\/types\/product"}],"replies":[{"embeddable":true,"href":"https:\/\/justexplorers.bitcrumbs-dev.it\/en\/wp-json\/wp\/v2\/comments?post=2975"}],"wp:featuredmedia":[{"embeddable":true,"href":"https:\/\/justexplorers.bitcrumbs-dev.it\/en\/wp-json\/wp\/v2\/media\/2976"}],"wp:attachment":[{"href":"https:\/\/justexplorers.bitcrumbs-dev.it\/en\/wp-json\/wp\/v2\/media?parent=2975"}],"wp:term":[{"taxonomy":"product_cat","embeddable":true,"href":"https:\/\/justexplorers.bitcrumbs-dev.it\/en\/wp-json\/wp\/v2\/product_cat?post=2975"},{"taxonomy":"product_tag","embeddable":true,"href":"https:\/\/justexplorers.bitcrumbs-dev.it\/en\/wp-json\/wp\/v2\/product_tag?post=2975"}],"curies":[{"name":"wp","href":"https:\/\/api.w.org\/{rel}","templated":true}]}}