{"id":3005,"date":"2024-05-20T11:09:17","date_gmt":"2024-05-20T09:09:17","guid":{"rendered":"https:\/\/justexplorers.bitcrumbs-dev.it\/?post_type=product&#038;p=3005"},"modified":"2024-06-04T15:33:53","modified_gmt":"2024-06-04T13:33:53","slug":"wild-abruzzo-masterclass","status":"publish","type":"product","link":"https:\/\/justexplorers.bitcrumbs-dev.it\/en\/product\/wild-abruzzo-masterclass\/","title":{"rendered":"Wild Abruzzo"},"content":{"rendered":"<div class=\"tribe-events-single-event-description tribe-events-content entry-content description\">\n<h1><span style=\"font-size: 12pt;\">Four-day nature photography masterclass immersed in the uncontaminated nature of the Abruzzo, Lazio and Molise National Park.<\/span><\/h1>\n<\/div>\n<div id=\"event-customm-info\">\n<div class=\"event-custom-imfo-container\"><\/div>\n<\/div>","protected":false},"excerpt":{"rendered":"<p>Partecipa a quattro intense giornate di fotografia naturalistica nel cuore del Parco Nazionale d\u2019Abruzzo, Lazio e Molise, immerse in una splendida cornice autunnale. Esplora la natura selvaggia dell\u2019Appennino centrale con un gruppo limitato a soli 4 fotografi, garantendo un\u2019esperienza esclusiva e approfondita.<\/p>\n<p>Guidati dall\u2019esperienza di un fotografo professionista, sfrutteremo al massimo le condizioni di luce e le opportunit\u00e0 fotografiche. Durante questo periodo, potrai assistere alla stagione riproduttiva del Cervo Nobile, con i suoi richiami d\u2019amore che riecheggiano nelle vallate, e all&#8217;iperfagia dell&#8217;Orso Marsicano in preparazione al letargo.<\/p>\n<p>Scopri anche i giovani Lupi Appenninici, i Cinghiali, le Volpi, i Caprioli e altri mammiferi del parco. Approfondiremo tecniche di ripresa avanzate, appostamenti efficaci e abitudini dei grandi mammiferi. Le ore centrali della giornata saranno dedicate alla post-produzione, migliorando le tue competenze con i software specifici.<\/p>\n<p>Questo evento \u00e8 pi\u00f9 di un classico workshop, \u00e8 un&#8217;immersione totale nella fotografia naturalistica, pensato per fotografi determinati a conoscere veramente questo mondo affascinante.<\/p>","protected":false},"featured_media":3008,"comment_status":"open","ping_status":"closed","template":"","meta":{"_acf_changed":false},"product_cat":[55,54],"product_tag":[85,83,84,66,82,70,76,72],"acf":[],"yoast_head":"<!-- This site is optimized with the Yoast SEO plugin v22.8 - https:\/\/yoast.com\/wordpress\/plugins\/seo\/ -->\n<title>Wild Abruzzo - JustExplorers<\/title>\n<meta name=\"description\" content=\"Masterclass di fotografia naturalistica immersi nella natura incontaminata del Parco Nazionale d\u2019Abruzzo, Lazio e Molise con due fotografi professionisti.\" \/>\n<meta name=\"robots\" content=\"noindex, follow, max-snippet:-1, max-image-preview:large, max-video-preview:-1\" \/>\n<meta property=\"og:locale\" content=\"en_US\" \/>\n<meta property=\"og:type\" content=\"article\" \/>\n<meta property=\"og:title\" content=\"Wild Abruzzo - JustExplorers\" \/>\n<meta property=\"og:description\" content=\"Masterclass di fotografia naturalistica immersi nella natura incontaminata del Parco Nazionale d\u2019Abruzzo, Lazio e Molise con due fotografi professionisti.\" \/>\n<meta property=\"og:url\" content=\"https:\/\/justexplorers.bitcrumbs-dev.it\/en\/product\/wild-abruzzo-masterclass\/\" \/>\n<meta property=\"og:site_name\" content=\"JustExplorers\" \/>\n<meta property=\"article:modified_time\" content=\"2024-06-04T13:33:53+00:00\" \/>\n<meta property=\"og:image\" content=\"https:\/\/justexplorers.bitcrumbs-dev.it\/wp-content\/uploads\/2024\/05\/locanda-masterclass-abruzzo-x-justexplorers.jpg\" \/>\n\t<meta property=\"og:image:width\" content=\"2100\" \/>\n\t<meta property=\"og:image:height\" content=\"1400\" \/>\n\t<meta property=\"og:image:type\" content=\"image\/jpeg\" \/>\n<meta name=\"twitter:card\" content=\"summary_large_image\" \/>\n<meta name=\"twitter:label1\" content=\"Est. reading time\" \/>\n\t<meta name=\"twitter:data1\" content=\"1 minute\" \/>\n<script type=\"application\/ld+json\" class=\"yoast-schema-graph\">{\"@context\":\"https:\/\/schema.org\",\"@graph\":[{\"@type\":\"WebPage\",\"@id\":\"https:\/\/justexplorers.bitcrumbs-dev.it\/product\/wild-abruzzo-masterclass\/\",\"url\":\"https:\/\/justexplorers.bitcrumbs-dev.it\/product\/wild-abruzzo-masterclass\/\",\"name\":\"Wild Abruzzo - JustExplorers\",\"isPartOf\":{\"@id\":\"https:\/\/justexplorers.bitcrumbs-dev.it\/#website\"},\"primaryImageOfPage\":{\"@id\":\"https:\/\/justexplorers.bitcrumbs-dev.it\/product\/wild-abruzzo-masterclass\/#primaryimage\"},\"image\":{\"@id\":\"https:\/\/justexplorers.bitcrumbs-dev.it\/product\/wild-abruzzo-masterclass\/#primaryimage\"},\"thumbnailUrl\":\"https:\/\/justexplorers.bitcrumbs-dev.it\/wp-content\/uploads\/2024\/05\/locanda-masterclass-abruzzo-x-justexplorers.jpg\",\"datePublished\":\"2024-05-20T09:09:17+00:00\",\"dateModified\":\"2024-06-04T13:33:53+00:00\",\"description\":\"Masterclass di fotografia naturalistica immersi nella natura incontaminata del Parco Nazionale d\u2019Abruzzo, Lazio e Molise con due fotografi professionisti.\",\"breadcrumb\":{\"@id\":\"https:\/\/justexplorers.bitcrumbs-dev.it\/product\/wild-abruzzo-masterclass\/#breadcrumb\"},\"inLanguage\":\"en-US\",\"potentialAction\":[{\"@type\":\"ReadAction\",\"target\":[\"https:\/\/justexplorers.bitcrumbs-dev.it\/product\/wild-abruzzo-masterclass\/\"]}]},{\"@type\":\"ImageObject\",\"inLanguage\":\"en-US\",\"@id\":\"https:\/\/justexplorers.bitcrumbs-dev.it\/product\/wild-abruzzo-masterclass\/#primaryimage\",\"url\":\"https:\/\/justexplorers.bitcrumbs-dev.it\/wp-content\/uploads\/2024\/05\/locanda-masterclass-abruzzo-x-justexplorers.jpg\",\"contentUrl\":\"https:\/\/justexplorers.bitcrumbs-dev.it\/wp-content\/uploads\/2024\/05\/locanda-masterclass-abruzzo-x-justexplorers.jpg\",\"width\":2100,\"height\":1400,\"caption\":\"masterclass-fotografia-naturalistica-parco-nazionale-abruzzo-lazio-molise\"},{\"@type\":\"BreadcrumbList\",\"@id\":\"https:\/\/justexplorers.bitcrumbs-dev.it\/product\/wild-abruzzo-masterclass\/#breadcrumb\",\"itemListElement\":[{\"@type\":\"ListItem\",\"position\":1,\"name\":\"Home\",\"item\":\"https:\/\/justexplorers.bitcrumbs-dev.it\/\"},{\"@type\":\"ListItem\",\"position\":2,\"name\":\"Shop\",\"item\":\"https:\/\/justexplorers.bitcrumbs-dev.it\/negozio\/\"},{\"@type\":\"ListItem\",\"position\":3,\"name\":\"Wild Abruzzo\"}]},{\"@type\":\"WebSite\",\"@id\":\"https:\/\/justexplorers.bitcrumbs-dev.it\/#website\",\"url\":\"https:\/\/justexplorers.bitcrumbs-dev.it\/\",\"name\":\"JustExplorers\",\"description\":\"\",\"potentialAction\":[{\"@type\":\"SearchAction\",\"target\":{\"@type\":\"EntryPoint\",\"urlTemplate\":\"https:\/\/justexplorers.bitcrumbs-dev.it\/?s={search_term_string}\"},\"query-input\":\"required name=search_term_string\"}],\"inLanguage\":\"en-US\"}]}<\/script>\n<!-- \/ Yoast SEO plugin. -->","yoast_head_json":{"title":"Wild Abruzzo - JustExplorers","description":"Masterclass di fotografia naturalistica immersi nella natura incontaminata del Parco Nazionale d\u2019Abruzzo, Lazio e Molise con due fotografi professionisti.","robots":{"index":"noindex","follow":"follow","max-snippet":"max-snippet:-1","max-image-preview":"max-image-preview:large","max-video-preview":"max-video-preview:-1"},"og_locale":"en_US","og_type":"article","og_title":"Wild Abruzzo - JustExplorers","og_description":"Masterclass di fotografia naturalistica immersi nella natura incontaminata del Parco Nazionale d\u2019Abruzzo, Lazio e Molise con due fotografi professionisti.","og_url":"https:\/\/justexplorers.bitcrumbs-dev.it\/en\/product\/wild-abruzzo-masterclass\/","og_site_name":"JustExplorers","article_modified_time":"2024-06-04T13:33:53+00:00","og_image":[{"width":2100,"height":1400,"url":"https:\/\/justexplorers.bitcrumbs-dev.it\/wp-content\/uploads\/2024\/05\/locanda-masterclass-abruzzo-x-justexplorers.jpg","type":"image\/jpeg"}],"twitter_card":"summary_large_image","twitter_misc":{"Est. reading time":"1 minute"},"schema":{"@context":"https:\/\/schema.org","@graph":[{"@type":"WebPage","@id":"https:\/\/justexplorers.bitcrumbs-dev.it\/product\/wild-abruzzo-masterclass\/","url":"https:\/\/justexplorers.bitcrumbs-dev.it\/product\/wild-abruzzo-masterclass\/","name":"Wild Abruzzo - JustExplorers","isPartOf":{"@id":"https:\/\/justexplorers.bitcrumbs-dev.it\/#website"},"primaryImageOfPage":{"@id":"https:\/\/justexplorers.bitcrumbs-dev.it\/product\/wild-abruzzo-masterclass\/#primaryimage"},"image":{"@id":"https:\/\/justexplorers.bitcrumbs-dev.it\/product\/wild-abruzzo-masterclass\/#primaryimage"},"thumbnailUrl":"https:\/\/justexplorers.bitcrumbs-dev.it\/wp-content\/uploads\/2024\/05\/locanda-masterclass-abruzzo-x-justexplorers.jpg","datePublished":"2024-05-20T09:09:17+00:00","dateModified":"2024-06-04T13:33:53+00:00","description":"Masterclass di fotografia naturalistica immersi nella natura incontaminata del Parco Nazionale d\u2019Abruzzo, Lazio e Molise con due fotografi professionisti.","breadcrumb":{"@id":"https:\/\/justexplorers.bitcrumbs-dev.it\/product\/wild-abruzzo-masterclass\/#breadcrumb"},"inLanguage":"en-US","potentialAction":[{"@type":"ReadAction","target":["https:\/\/justexplorers.bitcrumbs-dev.it\/product\/wild-abruzzo-masterclass\/"]}]},{"@type":"ImageObject","inLanguage":"en-US","@id":"https:\/\/justexplorers.bitcrumbs-dev.it\/product\/wild-abruzzo-masterclass\/#primaryimage","url":"https:\/\/justexplorers.bitcrumbs-dev.it\/wp-content\/uploads\/2024\/05\/locanda-masterclass-abruzzo-x-justexplorers.jpg","contentUrl":"https:\/\/justexplorers.bitcrumbs-dev.it\/wp-content\/uploads\/2024\/05\/locanda-masterclass-abruzzo-x-justexplorers.jpg","width":2100,"height":1400,"caption":"masterclass-fotografia-naturalistica-parco-nazionale-abruzzo-lazio-molise"},{"@type":"BreadcrumbList","@id":"https:\/\/justexplorers.bitcrumbs-dev.it\/product\/wild-abruzzo-masterclass\/#breadcrumb","itemListElement":[{"@type":"ListItem","position":1,"name":"Home","item":"https:\/\/justexplorers.bitcrumbs-dev.it\/"},{"@type":"ListItem","position":2,"name":"Shop","item":"https:\/\/justexplorers.bitcrumbs-dev.it\/negozio\/"},{"@type":"ListItem","position":3,"name":"Wild Abruzzo"}]},{"@type":"WebSite","@id":"https:\/\/justexplorers.bitcrumbs-dev.it\/#website","url":"https:\/\/justexplorers.bitcrumbs-dev.it\/","name":"JustExplorers","description":"","potentialAction":[{"@type":"SearchAction","target":{"@type":"EntryPoint","urlTemplate":"https:\/\/justexplorers.bitcrumbs-dev.it\/?s={search_term_string}"},"query-input":"required name=search_term_string"}],"inLanguage":"en-US"}]}},"_links":{"self":[{"href":"https:\/\/justexplorers.bitcrumbs-dev.it\/en\/wp-json\/wp\/v2\/product\/3005"}],"collection":[{"href":"https:\/\/justexplorers.bitcrumbs-dev.it\/en\/wp-json\/wp\/v2\/product"}],"about":[{"href":"https:\/\/justexplorers.bitcrumbs-dev.it\/en\/wp-json\/wp\/v2\/types\/product"}],"replies":[{"embeddable":true,"href":"https:\/\/justexplorers.bitcrumbs-dev.it\/en\/wp-json\/wp\/v2\/comments?post=3005"}],"wp:featuredmedia":[{"embeddable":true,"href":"https:\/\/justexplorers.bitcrumbs-dev.it\/en\/wp-json\/wp\/v2\/media\/3008"}],"wp:attachment":[{"href":"https:\/\/justexplorers.bitcrumbs-dev.it\/en\/wp-json\/wp\/v2\/media?parent=3005"}],"wp:term":[{"taxonomy":"product_cat","embeddable":true,"href":"https:\/\/justexplorers.bitcrumbs-dev.it\/en\/wp-json\/wp\/v2\/product_cat?post=3005"},{"taxonomy":"product_tag","embeddable":true,"href":"https:\/\/justexplorers.bitcrumbs-dev.it\/en\/wp-json\/wp\/v2\/product_tag?post=3005"}],"curies":[{"name":"wp","href":"https:\/\/api.w.org\/{rel}","templated":true}]}}