{"id":3171,"date":"2024-05-20T21:50:01","date_gmt":"2024-05-20T19:50:01","guid":{"rendered":"https:\/\/justexplorers.bitcrumbs-dev.it\/?post_type=product&#038;p=3171"},"modified":"2024-06-04T15:30:39","modified_gmt":"2024-06-04T13:30:39","slug":"capanno-fotografico-slovenia-orso-europeo","status":"publish","type":"product","link":"https:\/\/justexplorers.bitcrumbs-dev.it\/en\/product\/capanno-fotografico-slovenia-orso-europeo\/","title":{"rendered":"Bear Hides \u2013 Book your session"},"content":{"rendered":"<h4>Explore Miles of Enchanted Forests Populated by Rich Biodiversity<\/h4>\n<p>Benvenuti nella Foresta di Notranjska, una gemma incontaminata della Slovenia che offre chilometri e chilometri di silenziose foreste, abitate da centinaia di specie di mammiferi e avifauna. Questo luogo incantevole \u00e8 una riserva di avvistamenti e di esperienze uniche, immerse in una natura intatta.<\/p>\n<p>La Foresta di Notranjska \u00e8 senza dubbio uno dei tesori pi\u00f9 pregiati della Slovenia. \u00c8 il rifugio perfetto per la straordinaria popolazione di orsi Bruno, con una densit\u00e0 senza pari. Circa 1000 orsi abitano quest\u2019area, coesistendo con altri affascinanti mammiferi come lupi, linci, gatti selvatici, e una variet\u00e0 di ungulati, tra cui cervi, caprioli, cinghiali, volpi, tassi, faine, scoiattoli e lontre!<\/p>\n<p>Queste magnifiche foreste si estendono a pochi chilometri dal Lago di Cerknica, il pi\u00f9 grande lago intermittente d\u2019Europa. La presenza di laghi, valli, montagne e foreste crea un ecosistema che ospita una ricca variet\u00e0 di avifauna.<\/p>\n<p>Muovendoti attraverso queste aree, potrai avvistare decine di specie diverse di avifauna, tra cui alcune sorprendenti come l\u2019allocco degli Urali, il picchio Nero, il picchio Cenerino, il picchio Dorso bianco, il Picchio rosso maggiore, minore e mezzano. Inoltre, potrai incrociare rapaci come poiane, sparvieri e gheppi, insieme a una moltitudine di piccoli passeriformi come frosoni, cince dal ciuffo, scriccioli, fringuelli e molti altri.<\/p>\n<p>Nel cuore di queste straordinarie foreste, troverai i nostri capanni fotografici situati in otto diverse location. Questi capanni offrono una straordinaria probabilit\u00e0 di avvistare animali e la possibilit\u00e0 di osservare da vicino l\u2019orso Bruno in diversi contesti, consentendoti di variare sfondi, soggetti e atmosfere.<\/p>\n<p>Esplora la Foresta di Notranjska e immergiti in un\u2019avventura indimenticabile in mezzo alla natura selvaggia e alla biodiversit\u00e0. Prenota ora per una esperienza unica di fotografia naturalistica e avvistamenti straordinari.<\/p>","protected":false},"excerpt":{"rendered":"<p>Piccoli villaggi, foreste infinite e un silenzio surreale creano l&#8217;habitat perfetto per i principali mammiferi europei, che trovano rifugio e tranquillit\u00e0 in questi boschi. Lupi, volpi, linci, gatti selvatici e, soprattutto, l&#8217;orso bruno, re incontrastato di queste foreste. Con una delle densit\u00e0 pi\u00f9 alte d&#8217;Europa, la popolazione di orsi bruni qui \u00e8 fiorente, rendendo la Slovenia una delle migliori destinazioni per fotografare questo magnifico animale.<br \/>\nTra queste foreste sorgono piccoli capanni in legno, immersi nel verde, dove vivere esperienze uniche. Unisciti a noi per esplorare queste aree e vivere momenti indimenticabili.<\/p>","protected":false},"featured_media":3186,"comment_status":"open","ping_status":"closed","template":"","meta":{"_acf_changed":false},"product_cat":[55,26],"product_tag":[67,66,70,76],"acf":[],"yoast_head":"<!-- This site is optimized with the Yoast SEO plugin v22.8 - https:\/\/yoast.com\/wordpress\/plugins\/seo\/ -->\n<title>Bear Hides - Prenota la tua sessione - JustExplorers<\/title>\n<meta name=\"description\" content=\"Sessione fotografiche dai migliori capanni fotografici per l&#039;Orso bruno in Slovenia. Prenota ora, le attivit\u00e0 sono disponibili tutti i giorni.\" \/>\n<meta name=\"robots\" content=\"noindex, follow, max-snippet:-1, max-image-preview:large, max-video-preview:-1\" \/>\n<meta property=\"og:locale\" content=\"en_US\" \/>\n<meta property=\"og:type\" content=\"article\" \/>\n<meta property=\"og:title\" content=\"Bear Hides - Prenota la tua sessione - JustExplorers\" \/>\n<meta property=\"og:description\" content=\"Sessione fotografiche dai migliori capanni fotografici per l&#039;Orso bruno in Slovenia. Prenota ora, le attivit\u00e0 sono disponibili tutti i giorni.\" \/>\n<meta property=\"og:url\" content=\"https:\/\/justexplorers.bitcrumbs-dev.it\/en\/product\/capanno-fotografico-slovenia-orso-europeo\/\" \/>\n<meta property=\"og:site_name\" content=\"JustExplorers\" \/>\n<meta property=\"article:modified_time\" content=\"2024-06-04T13:30:39+00:00\" \/>\n<meta property=\"og:image\" content=\"https:\/\/justexplorers.bitcrumbs-dev.it\/wp-content\/uploads\/2024\/05\/33A1542-sharpened-sharpened-sharpened-1024x683.jpg\" \/>\n\t<meta property=\"og:image:width\" content=\"1024\" \/>\n\t<meta property=\"og:image:height\" content=\"683\" \/>\n\t<meta property=\"og:image:type\" content=\"image\/jpeg\" \/>\n<meta name=\"twitter:card\" content=\"summary_large_image\" \/>\n<meta name=\"twitter:label1\" content=\"Est. reading time\" \/>\n\t<meta name=\"twitter:data1\" content=\"2 minutes\" \/>\n<script type=\"application\/ld+json\" class=\"yoast-schema-graph\">{\"@context\":\"https:\/\/schema.org\",\"@graph\":[{\"@type\":\"WebPage\",\"@id\":\"https:\/\/justexplorers.bitcrumbs-dev.it\/product\/capanno-fotografico-slovenia-orso-europeo\/\",\"url\":\"https:\/\/justexplorers.bitcrumbs-dev.it\/product\/capanno-fotografico-slovenia-orso-europeo\/\",\"name\":\"Bear Hides - Prenota la tua sessione - JustExplorers\",\"isPartOf\":{\"@id\":\"https:\/\/justexplorers.bitcrumbs-dev.it\/#website\"},\"primaryImageOfPage\":{\"@id\":\"https:\/\/justexplorers.bitcrumbs-dev.it\/product\/capanno-fotografico-slovenia-orso-europeo\/#primaryimage\"},\"image\":{\"@id\":\"https:\/\/justexplorers.bitcrumbs-dev.it\/product\/capanno-fotografico-slovenia-orso-europeo\/#primaryimage\"},\"thumbnailUrl\":\"https:\/\/justexplorers.bitcrumbs-dev.it\/wp-content\/uploads\/2024\/05\/33A1542-sharpened-sharpened-sharpened.jpg\",\"datePublished\":\"2024-05-20T19:50:01+00:00\",\"dateModified\":\"2024-06-04T13:30:39+00:00\",\"description\":\"Sessione fotografiche dai migliori capanni fotografici per l'Orso bruno in Slovenia. Prenota ora, le attivit\u00e0 sono disponibili tutti i giorni.\",\"breadcrumb\":{\"@id\":\"https:\/\/justexplorers.bitcrumbs-dev.it\/product\/capanno-fotografico-slovenia-orso-europeo\/#breadcrumb\"},\"inLanguage\":\"en-US\",\"potentialAction\":[{\"@type\":\"ReadAction\",\"target\":[\"https:\/\/justexplorers.bitcrumbs-dev.it\/product\/capanno-fotografico-slovenia-orso-europeo\/\"]}]},{\"@type\":\"ImageObject\",\"inLanguage\":\"en-US\",\"@id\":\"https:\/\/justexplorers.bitcrumbs-dev.it\/product\/capanno-fotografico-slovenia-orso-europeo\/#primaryimage\",\"url\":\"https:\/\/justexplorers.bitcrumbs-dev.it\/wp-content\/uploads\/2024\/05\/33A1542-sharpened-sharpened-sharpened.jpg\",\"contentUrl\":\"https:\/\/justexplorers.bitcrumbs-dev.it\/wp-content\/uploads\/2024\/05\/33A1542-sharpened-sharpened-sharpened.jpg\",\"width\":2048,\"height\":1365,\"caption\":\"bear-photography-hides-slovenia-fotografia-naturalistica\"},{\"@type\":\"BreadcrumbList\",\"@id\":\"https:\/\/justexplorers.bitcrumbs-dev.it\/product\/capanno-fotografico-slovenia-orso-europeo\/#breadcrumb\",\"itemListElement\":[{\"@type\":\"ListItem\",\"position\":1,\"name\":\"Home\",\"item\":\"https:\/\/justexplorers.bitcrumbs-dev.it\/\"},{\"@type\":\"ListItem\",\"position\":2,\"name\":\"Shop\",\"item\":\"https:\/\/justexplorers.bitcrumbs-dev.it\/negozio\/\"},{\"@type\":\"ListItem\",\"position\":3,\"name\":\"Bear Hides &#8211; Prenota la tua sessione\"}]},{\"@type\":\"WebSite\",\"@id\":\"https:\/\/justexplorers.bitcrumbs-dev.it\/#website\",\"url\":\"https:\/\/justexplorers.bitcrumbs-dev.it\/\",\"name\":\"JustExplorers\",\"description\":\"\",\"potentialAction\":[{\"@type\":\"SearchAction\",\"target\":{\"@type\":\"EntryPoint\",\"urlTemplate\":\"https:\/\/justexplorers.bitcrumbs-dev.it\/?s={search_term_string}\"},\"query-input\":\"required name=search_term_string\"}],\"inLanguage\":\"en-US\"}]}<\/script>\n<!-- \/ Yoast SEO plugin. -->","yoast_head_json":{"title":"Bear Hides - Prenota la tua sessione - JustExplorers","description":"Sessione fotografiche dai migliori capanni fotografici per l'Orso bruno in Slovenia. Prenota ora, le attivit\u00e0 sono disponibili tutti i giorni.","robots":{"index":"noindex","follow":"follow","max-snippet":"max-snippet:-1","max-image-preview":"max-image-preview:large","max-video-preview":"max-video-preview:-1"},"og_locale":"en_US","og_type":"article","og_title":"Bear Hides - Prenota la tua sessione - JustExplorers","og_description":"Sessione fotografiche dai migliori capanni fotografici per l'Orso bruno in Slovenia. Prenota ora, le attivit\u00e0 sono disponibili tutti i giorni.","og_url":"https:\/\/justexplorers.bitcrumbs-dev.it\/en\/product\/capanno-fotografico-slovenia-orso-europeo\/","og_site_name":"JustExplorers","article_modified_time":"2024-06-04T13:30:39+00:00","og_image":[{"width":1024,"height":683,"url":"https:\/\/justexplorers.bitcrumbs-dev.it\/wp-content\/uploads\/2024\/05\/33A1542-sharpened-sharpened-sharpened-1024x683.jpg","type":"image\/jpeg"}],"twitter_card":"summary_large_image","twitter_misc":{"Est. reading time":"2 minutes"},"schema":{"@context":"https:\/\/schema.org","@graph":[{"@type":"WebPage","@id":"https:\/\/justexplorers.bitcrumbs-dev.it\/product\/capanno-fotografico-slovenia-orso-europeo\/","url":"https:\/\/justexplorers.bitcrumbs-dev.it\/product\/capanno-fotografico-slovenia-orso-europeo\/","name":"Bear Hides - Prenota la tua sessione - JustExplorers","isPartOf":{"@id":"https:\/\/justexplorers.bitcrumbs-dev.it\/#website"},"primaryImageOfPage":{"@id":"https:\/\/justexplorers.bitcrumbs-dev.it\/product\/capanno-fotografico-slovenia-orso-europeo\/#primaryimage"},"image":{"@id":"https:\/\/justexplorers.bitcrumbs-dev.it\/product\/capanno-fotografico-slovenia-orso-europeo\/#primaryimage"},"thumbnailUrl":"https:\/\/justexplorers.bitcrumbs-dev.it\/wp-content\/uploads\/2024\/05\/33A1542-sharpened-sharpened-sharpened.jpg","datePublished":"2024-05-20T19:50:01+00:00","dateModified":"2024-06-04T13:30:39+00:00","description":"Sessione fotografiche dai migliori capanni fotografici per l'Orso bruno in Slovenia. Prenota ora, le attivit\u00e0 sono disponibili tutti i giorni.","breadcrumb":{"@id":"https:\/\/justexplorers.bitcrumbs-dev.it\/product\/capanno-fotografico-slovenia-orso-europeo\/#breadcrumb"},"inLanguage":"en-US","potentialAction":[{"@type":"ReadAction","target":["https:\/\/justexplorers.bitcrumbs-dev.it\/product\/capanno-fotografico-slovenia-orso-europeo\/"]}]},{"@type":"ImageObject","inLanguage":"en-US","@id":"https:\/\/justexplorers.bitcrumbs-dev.it\/product\/capanno-fotografico-slovenia-orso-europeo\/#primaryimage","url":"https:\/\/justexplorers.bitcrumbs-dev.it\/wp-content\/uploads\/2024\/05\/33A1542-sharpened-sharpened-sharpened.jpg","contentUrl":"https:\/\/justexplorers.bitcrumbs-dev.it\/wp-content\/uploads\/2024\/05\/33A1542-sharpened-sharpened-sharpened.jpg","width":2048,"height":1365,"caption":"bear-photography-hides-slovenia-fotografia-naturalistica"},{"@type":"BreadcrumbList","@id":"https:\/\/justexplorers.bitcrumbs-dev.it\/product\/capanno-fotografico-slovenia-orso-europeo\/#breadcrumb","itemListElement":[{"@type":"ListItem","position":1,"name":"Home","item":"https:\/\/justexplorers.bitcrumbs-dev.it\/"},{"@type":"ListItem","position":2,"name":"Shop","item":"https:\/\/justexplorers.bitcrumbs-dev.it\/negozio\/"},{"@type":"ListItem","position":3,"name":"Bear Hides &#8211; Prenota la tua sessione"}]},{"@type":"WebSite","@id":"https:\/\/justexplorers.bitcrumbs-dev.it\/#website","url":"https:\/\/justexplorers.bitcrumbs-dev.it\/","name":"JustExplorers","description":"","potentialAction":[{"@type":"SearchAction","target":{"@type":"EntryPoint","urlTemplate":"https:\/\/justexplorers.bitcrumbs-dev.it\/?s={search_term_string}"},"query-input":"required name=search_term_string"}],"inLanguage":"en-US"}]}},"_links":{"self":[{"href":"https:\/\/justexplorers.bitcrumbs-dev.it\/en\/wp-json\/wp\/v2\/product\/3171"}],"collection":[{"href":"https:\/\/justexplorers.bitcrumbs-dev.it\/en\/wp-json\/wp\/v2\/product"}],"about":[{"href":"https:\/\/justexplorers.bitcrumbs-dev.it\/en\/wp-json\/wp\/v2\/types\/product"}],"replies":[{"embeddable":true,"href":"https:\/\/justexplorers.bitcrumbs-dev.it\/en\/wp-json\/wp\/v2\/comments?post=3171"}],"wp:featuredmedia":[{"embeddable":true,"href":"https:\/\/justexplorers.bitcrumbs-dev.it\/en\/wp-json\/wp\/v2\/media\/3186"}],"wp:attachment":[{"href":"https:\/\/justexplorers.bitcrumbs-dev.it\/en\/wp-json\/wp\/v2\/media?parent=3171"}],"wp:term":[{"taxonomy":"product_cat","embeddable":true,"href":"https:\/\/justexplorers.bitcrumbs-dev.it\/en\/wp-json\/wp\/v2\/product_cat?post=3171"},{"taxonomy":"product_tag","embeddable":true,"href":"https:\/\/justexplorers.bitcrumbs-dev.it\/en\/wp-json\/wp\/v2\/product_tag?post=3171"}],"curies":[{"name":"wp","href":"https:\/\/api.w.org\/{rel}","templated":true}]}}