{"id":3188,"date":"2024-05-21T22:45:20","date_gmt":"2024-05-21T20:45:20","guid":{"rendered":"https:\/\/justexplorers.bitcrumbs-dev.it\/?post_type=product&#038;p=3188"},"modified":"2024-06-10T10:31:17","modified_gmt":"2024-06-10T08:31:17","slug":"wild-cat-birds","status":"publish","type":"product","link":"https:\/\/justexplorers.bitcrumbs-dev.it\/en\/product\/wild-cat-birds\/","title":{"rendered":"Wild Cats &amp; Birds"},"content":{"rendered":"<p>Preparati a partire per un tour nel cuore settentrionale della Spagna, dove la straordinaria regione delle Asturie svela uno dei paesaggi pi\u00f9 selvaggi del paese.<\/p>\n<p>Tra valli, montagne e fiumi di questo territorio vive una popolazione incredibile di gatti selvatici, che prospera tra centinaia di specie di uccelli e mammiferi. Quest\u2019area vanta probabilmente la pi\u00f9 alta densit\u00e0 di questi felini sfuggenti in tutta Europa.<\/p>\n<p>L\u2019estate si rivela il momento ideale per osservare questa specie. In questa stagione, l\u2019erba bassa e le lunghe ore di luce offrono a questi felini ampie opportunit\u00e0 per cacciare le loro prede. Impegnandosi in lunghe sessioni di caccia nei campi aperti, cercheremo di catturare questi momenti nel migliore dei modi possibili.<\/p>\n<p>Per gli uccelli, \u00e8 altrettanto affascinante, poich\u00e9 questa regione diventa un luogo di nidificazione per varie specie migratorie. Il nostro viaggio comprender\u00e0 malghe di montagna e fotografia itinerante, guidati da due professionisti esperti che saranno al tuo fianco in ogni passo del percorso.<\/p>","protected":false},"excerpt":{"rendered":"<p>Preparati per un tour nel cuore delle Asturie, una delle regioni pi\u00f9 selvagge della Spagna. Qui, tra valli e montagne, vive una grande popolazione di gatti selvatici, insieme a centinaia di specie di uccelli e mammiferi. L&#8217;estate \u00e8 il momento ideale per osservarli, grazie all&#8217;erba bassa e alle lunghe ore di luce.<\/p>\n<p>Il viaggio include escursioni e sessioni di fotografia itinerante, guidati da due esperti professionisti. Oltre ai gatti selvatici, esploreremo le aree di nidificazione degli uccelli migratori, catturando momenti unici della natura selvaggia.<\/p>","protected":false},"featured_media":3189,"comment_status":"open","ping_status":"closed","template":"","meta":{"_acf_changed":false},"product_cat":[55,24],"product_tag":[87,88,84,67,66,36,82,70,86],"acf":[],"yoast_head":"<!-- This site is optimized with the Yoast SEO plugin v22.8 - https:\/\/yoast.com\/wordpress\/plugins\/seo\/ -->\n<title>Wild Cat &amp; Birds - JustExplorers<\/title>\n<meta name=\"description\" content=\"Tour fotografico di 5 giorni alla ricerca del rarissimo gatto selvatico e dell\u2019avifauna delle Asturie affiancati da due fotografi professionisti.\" \/>\n<meta name=\"robots\" content=\"noindex, follow, max-snippet:-1, max-image-preview:large, max-video-preview:-1\" \/>\n<meta property=\"og:locale\" content=\"en_US\" \/>\n<meta property=\"og:type\" content=\"article\" \/>\n<meta property=\"og:title\" content=\"Wild Cat &amp; Birds - JustExplorers\" \/>\n<meta property=\"og:description\" content=\"Tour fotografico di 5 giorni alla ricerca del rarissimo gatto selvatico e dell\u2019avifauna delle Asturie affiancati da due fotografi professionisti.\" \/>\n<meta property=\"og:url\" content=\"https:\/\/justexplorers.bitcrumbs-dev.it\/en\/product\/wild-cat-birds\/\" \/>\n<meta property=\"og:site_name\" content=\"JustExplorers\" \/>\n<meta property=\"article:modified_time\" content=\"2024-06-10T08:31:17+00:00\" \/>\n<meta property=\"og:image\" content=\"https:\/\/justexplorers.bitcrumbs-dev.it\/wp-content\/uploads\/2024\/05\/33A6091-2-sharpened-sharpened.jpg\" \/>\n\t<meta property=\"og:image:width\" content=\"2048\" \/>\n\t<meta property=\"og:image:height\" content=\"1365\" \/>\n\t<meta property=\"og:image:type\" content=\"image\/jpeg\" \/>\n<meta name=\"twitter:card\" content=\"summary_large_image\" \/>\n<meta name=\"twitter:label1\" content=\"Est. reading time\" \/>\n\t<meta name=\"twitter:data1\" content=\"2 minutes\" \/>\n<script type=\"application\/ld+json\" class=\"yoast-schema-graph\">{\"@context\":\"https:\/\/schema.org\",\"@graph\":[{\"@type\":\"WebPage\",\"@id\":\"https:\/\/justexplorers.bitcrumbs-dev.it\/product\/wild-cat-birds\/\",\"url\":\"https:\/\/justexplorers.bitcrumbs-dev.it\/product\/wild-cat-birds\/\",\"name\":\"Wild Cat & Birds - JustExplorers\",\"isPartOf\":{\"@id\":\"https:\/\/justexplorers.bitcrumbs-dev.it\/#website\"},\"primaryImageOfPage\":{\"@id\":\"https:\/\/justexplorers.bitcrumbs-dev.it\/product\/wild-cat-birds\/#primaryimage\"},\"image\":{\"@id\":\"https:\/\/justexplorers.bitcrumbs-dev.it\/product\/wild-cat-birds\/#primaryimage\"},\"thumbnailUrl\":\"https:\/\/justexplorers.bitcrumbs-dev.it\/wp-content\/uploads\/2024\/05\/33A6091-2-sharpened-sharpened.jpg\",\"datePublished\":\"2024-05-21T20:45:20+00:00\",\"dateModified\":\"2024-06-10T08:31:17+00:00\",\"description\":\"Tour fotografico di 5 giorni alla ricerca del rarissimo gatto selvatico e dell\u2019avifauna delle Asturie affiancati da due fotografi professionisti.\",\"breadcrumb\":{\"@id\":\"https:\/\/justexplorers.bitcrumbs-dev.it\/product\/wild-cat-birds\/#breadcrumb\"},\"inLanguage\":\"en-US\",\"potentialAction\":[{\"@type\":\"ReadAction\",\"target\":[\"https:\/\/justexplorers.bitcrumbs-dev.it\/product\/wild-cat-birds\/\"]}]},{\"@type\":\"ImageObject\",\"inLanguage\":\"en-US\",\"@id\":\"https:\/\/justexplorers.bitcrumbs-dev.it\/product\/wild-cat-birds\/#primaryimage\",\"url\":\"https:\/\/justexplorers.bitcrumbs-dev.it\/wp-content\/uploads\/2024\/05\/33A6091-2-sharpened-sharpened.jpg\",\"contentUrl\":\"https:\/\/justexplorers.bitcrumbs-dev.it\/wp-content\/uploads\/2024\/05\/33A6091-2-sharpened-sharpened.jpg\",\"width\":2048,\"height\":1365,\"caption\":\"wildcat-birds-tour-photography-wildlife-spain-fotografia-naturalistica\"},{\"@type\":\"BreadcrumbList\",\"@id\":\"https:\/\/justexplorers.bitcrumbs-dev.it\/product\/wild-cat-birds\/#breadcrumb\",\"itemListElement\":[{\"@type\":\"ListItem\",\"position\":1,\"name\":\"Home\",\"item\":\"https:\/\/justexplorers.bitcrumbs-dev.it\/\"},{\"@type\":\"ListItem\",\"position\":2,\"name\":\"Shop\",\"item\":\"https:\/\/justexplorers.bitcrumbs-dev.it\/negozio\/\"},{\"@type\":\"ListItem\",\"position\":3,\"name\":\"Wild Cat &#038; Birds\"}]},{\"@type\":\"WebSite\",\"@id\":\"https:\/\/justexplorers.bitcrumbs-dev.it\/#website\",\"url\":\"https:\/\/justexplorers.bitcrumbs-dev.it\/\",\"name\":\"JustExplorers\",\"description\":\"\",\"potentialAction\":[{\"@type\":\"SearchAction\",\"target\":{\"@type\":\"EntryPoint\",\"urlTemplate\":\"https:\/\/justexplorers.bitcrumbs-dev.it\/?s={search_term_string}\"},\"query-input\":\"required name=search_term_string\"}],\"inLanguage\":\"en-US\"}]}<\/script>\n<!-- \/ Yoast SEO plugin. -->","yoast_head_json":{"title":"Wild Cat & Birds - JustExplorers","description":"Tour fotografico di 5 giorni alla ricerca del rarissimo gatto selvatico e dell\u2019avifauna delle Asturie affiancati da due fotografi professionisti.","robots":{"index":"noindex","follow":"follow","max-snippet":"max-snippet:-1","max-image-preview":"max-image-preview:large","max-video-preview":"max-video-preview:-1"},"og_locale":"en_US","og_type":"article","og_title":"Wild Cat & Birds - JustExplorers","og_description":"Tour fotografico di 5 giorni alla ricerca del rarissimo gatto selvatico e dell\u2019avifauna delle Asturie affiancati da due fotografi professionisti.","og_url":"https:\/\/justexplorers.bitcrumbs-dev.it\/en\/product\/wild-cat-birds\/","og_site_name":"JustExplorers","article_modified_time":"2024-06-10T08:31:17+00:00","og_image":[{"width":2048,"height":1365,"url":"https:\/\/justexplorers.bitcrumbs-dev.it\/wp-content\/uploads\/2024\/05\/33A6091-2-sharpened-sharpened.jpg","type":"image\/jpeg"}],"twitter_card":"summary_large_image","twitter_misc":{"Est. reading time":"2 minutes"},"schema":{"@context":"https:\/\/schema.org","@graph":[{"@type":"WebPage","@id":"https:\/\/justexplorers.bitcrumbs-dev.it\/product\/wild-cat-birds\/","url":"https:\/\/justexplorers.bitcrumbs-dev.it\/product\/wild-cat-birds\/","name":"Wild Cat & Birds - JustExplorers","isPartOf":{"@id":"https:\/\/justexplorers.bitcrumbs-dev.it\/#website"},"primaryImageOfPage":{"@id":"https:\/\/justexplorers.bitcrumbs-dev.it\/product\/wild-cat-birds\/#primaryimage"},"image":{"@id":"https:\/\/justexplorers.bitcrumbs-dev.it\/product\/wild-cat-birds\/#primaryimage"},"thumbnailUrl":"https:\/\/justexplorers.bitcrumbs-dev.it\/wp-content\/uploads\/2024\/05\/33A6091-2-sharpened-sharpened.jpg","datePublished":"2024-05-21T20:45:20+00:00","dateModified":"2024-06-10T08:31:17+00:00","description":"Tour fotografico di 5 giorni alla ricerca del rarissimo gatto selvatico e dell\u2019avifauna delle Asturie affiancati da due fotografi professionisti.","breadcrumb":{"@id":"https:\/\/justexplorers.bitcrumbs-dev.it\/product\/wild-cat-birds\/#breadcrumb"},"inLanguage":"en-US","potentialAction":[{"@type":"ReadAction","target":["https:\/\/justexplorers.bitcrumbs-dev.it\/product\/wild-cat-birds\/"]}]},{"@type":"ImageObject","inLanguage":"en-US","@id":"https:\/\/justexplorers.bitcrumbs-dev.it\/product\/wild-cat-birds\/#primaryimage","url":"https:\/\/justexplorers.bitcrumbs-dev.it\/wp-content\/uploads\/2024\/05\/33A6091-2-sharpened-sharpened.jpg","contentUrl":"https:\/\/justexplorers.bitcrumbs-dev.it\/wp-content\/uploads\/2024\/05\/33A6091-2-sharpened-sharpened.jpg","width":2048,"height":1365,"caption":"wildcat-birds-tour-photography-wildlife-spain-fotografia-naturalistica"},{"@type":"BreadcrumbList","@id":"https:\/\/justexplorers.bitcrumbs-dev.it\/product\/wild-cat-birds\/#breadcrumb","itemListElement":[{"@type":"ListItem","position":1,"name":"Home","item":"https:\/\/justexplorers.bitcrumbs-dev.it\/"},{"@type":"ListItem","position":2,"name":"Shop","item":"https:\/\/justexplorers.bitcrumbs-dev.it\/negozio\/"},{"@type":"ListItem","position":3,"name":"Wild Cat &#038; Birds"}]},{"@type":"WebSite","@id":"https:\/\/justexplorers.bitcrumbs-dev.it\/#website","url":"https:\/\/justexplorers.bitcrumbs-dev.it\/","name":"JustExplorers","description":"","potentialAction":[{"@type":"SearchAction","target":{"@type":"EntryPoint","urlTemplate":"https:\/\/justexplorers.bitcrumbs-dev.it\/?s={search_term_string}"},"query-input":"required name=search_term_string"}],"inLanguage":"en-US"}]}},"_links":{"self":[{"href":"https:\/\/justexplorers.bitcrumbs-dev.it\/en\/wp-json\/wp\/v2\/product\/3188"}],"collection":[{"href":"https:\/\/justexplorers.bitcrumbs-dev.it\/en\/wp-json\/wp\/v2\/product"}],"about":[{"href":"https:\/\/justexplorers.bitcrumbs-dev.it\/en\/wp-json\/wp\/v2\/types\/product"}],"replies":[{"embeddable":true,"href":"https:\/\/justexplorers.bitcrumbs-dev.it\/en\/wp-json\/wp\/v2\/comments?post=3188"}],"wp:featuredmedia":[{"embeddable":true,"href":"https:\/\/justexplorers.bitcrumbs-dev.it\/en\/wp-json\/wp\/v2\/media\/3189"}],"wp:attachment":[{"href":"https:\/\/justexplorers.bitcrumbs-dev.it\/en\/wp-json\/wp\/v2\/media?parent=3188"}],"wp:term":[{"taxonomy":"product_cat","embeddable":true,"href":"https:\/\/justexplorers.bitcrumbs-dev.it\/en\/wp-json\/wp\/v2\/product_cat?post=3188"},{"taxonomy":"product_tag","embeddable":true,"href":"https:\/\/justexplorers.bitcrumbs-dev.it\/en\/wp-json\/wp\/v2\/product_tag?post=3188"}],"curies":[{"name":"wp","href":"https:\/\/api.w.org\/{rel}","templated":true}]}}