{"id":3242,"date":"2024-05-24T09:22:33","date_gmt":"2024-05-24T07:22:33","guid":{"rendered":"https:\/\/justexplorers.bitcrumbs-dev.it\/?post_type=product&#038;p=3242"},"modified":"2025-02-17T12:05:28","modified_gmt":"2025-02-17T11:05:28","slug":"bear-week","status":"publish","type":"product","link":"https:\/\/justexplorers.bitcrumbs-dev.it\/en\/product\/bear-week\/","title":{"rendered":"Bear Week"},"content":{"rendered":"<p>Imbarcati in un&#8217;avventura fotografica esplorando le selvagge foreste dei Carpazi in Romania alla ricerca dell&#8217;orso bruno europeo. Partiremo da Bucarest e ci dirigeremo verso i maestosi Carpazi, dove alloggeremo in una struttura immersa nel verde. Le attivit\u00e0 fotografiche si svolgeranno principalmente in auto, garantendo a ogni fotografo il proprio finestrino per scatti unici e in comodit\u00e0. Oltre agli orsi bruni, potremo avvistare volpi, allocchi degli Urali, civette, merli acquaioli, poiane, cicogne e scoiattoli. Grazie alla grande densit\u00e0 degli orsi e la loro tranquillit\u00e0 anche presenza umana, le possibilit\u00e0 di avvistamento sono particolarmente elevate. Non utilizzeremo capanni fotografici, permettendoci di esplorare liberamente le foreste e vivere un&#8217;esperienza autentica a contatto con la natura.<\/p>","protected":false},"excerpt":{"rendered":"<p>Imbarcati in un&#8217;avventura fotografica nelle selvagge foreste dei Carpazi in Romania, alla ricerca dell&#8217;orso bruno europeo. Partiremo da Bucarest e ci dirigeremo verso i maestosi Carpazi, dove alloggeremo in una struttura immersa nel verde. Le attivit\u00e0 fotografiche si svolgeranno principalmente in auto, con ogni fotografo che avr\u00e0 il proprio finestrino per scatti unici. Oltre agli orsi bruni, potremo avvistare volpi, allocchi degli Urali, civette, merli acquaioli, poiane, cicogne e scoiattoli. Grazie alla familiarit\u00e0 degli orsi con la presenza umana, le possibilit\u00e0 di avvistamento sono molto elevate. Non utilizzeremo capanni fotografici, permettendoci di esplorare liberamente le foreste e vivere un&#8217;esperienza autentica a stretto contatto con la natura.<\/p>","protected":false},"featured_media":3243,"comment_status":"open","ping_status":"closed","template":"","meta":{"_acf_changed":false},"product_cat":[55,64],"product_tag":[71,67,66,70,72],"acf":[],"yoast_head":"<!-- This site is optimized with the Yoast SEO plugin v22.8 - https:\/\/yoast.com\/wordpress\/plugins\/seo\/ -->\n<title>Bear Week - JustExplorers<\/title>\n<meta name=\"description\" content=\"Tour fotografico nelle foreste dei Carpazi alla ricerca dell&#039;orso bruno, in stile safari e con l&#039;accompagnamento di un fotografo professionista.\" \/>\n<meta name=\"robots\" content=\"noindex, follow, max-snippet:-1, max-image-preview:large, max-video-preview:-1\" \/>\n<meta property=\"og:locale\" content=\"en_US\" \/>\n<meta property=\"og:type\" content=\"article\" \/>\n<meta property=\"og:title\" content=\"Bear Week - JustExplorers\" \/>\n<meta property=\"og:description\" content=\"Tour fotografico nelle foreste dei Carpazi alla ricerca dell&#039;orso bruno, in stile safari e con l&#039;accompagnamento di un fotografo professionista.\" \/>\n<meta property=\"og:url\" content=\"https:\/\/justexplorers.bitcrumbs-dev.it\/en\/product\/bear-week\/\" \/>\n<meta property=\"og:site_name\" content=\"JustExplorers\" \/>\n<meta property=\"article:modified_time\" content=\"2025-02-17T11:05:28+00:00\" \/>\n<meta property=\"og:image\" content=\"https:\/\/justexplorers.bitcrumbs-dev.it\/wp-content\/uploads\/2024\/05\/finale_DSC9837-Enhanced-NR-sharpened-sharpened.jpg\" \/>\n\t<meta property=\"og:image:width\" content=\"2048\" \/>\n\t<meta property=\"og:image:height\" content=\"1365\" \/>\n\t<meta property=\"og:image:type\" content=\"image\/jpeg\" \/>\n<meta name=\"twitter:card\" content=\"summary_large_image\" \/>\n<meta name=\"twitter:label1\" content=\"Est. reading time\" \/>\n\t<meta name=\"twitter:data1\" content=\"1 minute\" \/>\n<script type=\"application\/ld+json\" class=\"yoast-schema-graph\">{\"@context\":\"https:\/\/schema.org\",\"@graph\":[{\"@type\":\"WebPage\",\"@id\":\"https:\/\/justexplorers.bitcrumbs-dev.it\/product\/bear-week\/\",\"url\":\"https:\/\/justexplorers.bitcrumbs-dev.it\/product\/bear-week\/\",\"name\":\"Bear Week - JustExplorers\",\"isPartOf\":{\"@id\":\"https:\/\/justexplorers.bitcrumbs-dev.it\/#website\"},\"primaryImageOfPage\":{\"@id\":\"https:\/\/justexplorers.bitcrumbs-dev.it\/product\/bear-week\/#primaryimage\"},\"image\":{\"@id\":\"https:\/\/justexplorers.bitcrumbs-dev.it\/product\/bear-week\/#primaryimage\"},\"thumbnailUrl\":\"https:\/\/justexplorers.bitcrumbs-dev.it\/wp-content\/uploads\/2024\/05\/finale_DSC9837-Enhanced-NR-sharpened-sharpened.jpg\",\"datePublished\":\"2024-05-24T07:22:33+00:00\",\"dateModified\":\"2025-02-17T11:05:28+00:00\",\"description\":\"Tour fotografico nelle foreste dei Carpazi alla ricerca dell'orso bruno, in stile safari e con l'accompagnamento di un fotografo professionista.\",\"breadcrumb\":{\"@id\":\"https:\/\/justexplorers.bitcrumbs-dev.it\/product\/bear-week\/#breadcrumb\"},\"inLanguage\":\"en-US\",\"potentialAction\":[{\"@type\":\"ReadAction\",\"target\":[\"https:\/\/justexplorers.bitcrumbs-dev.it\/product\/bear-week\/\"]}]},{\"@type\":\"ImageObject\",\"inLanguage\":\"en-US\",\"@id\":\"https:\/\/justexplorers.bitcrumbs-dev.it\/product\/bear-week\/#primaryimage\",\"url\":\"https:\/\/justexplorers.bitcrumbs-dev.it\/wp-content\/uploads\/2024\/05\/finale_DSC9837-Enhanced-NR-sharpened-sharpened.jpg\",\"contentUrl\":\"https:\/\/justexplorers.bitcrumbs-dev.it\/wp-content\/uploads\/2024\/05\/finale_DSC9837-Enhanced-NR-sharpened-sharpened.jpg\",\"width\":2048,\"height\":1365,\"caption\":\"bear-week-romania-photographic-tour\"},{\"@type\":\"BreadcrumbList\",\"@id\":\"https:\/\/justexplorers.bitcrumbs-dev.it\/product\/bear-week\/#breadcrumb\",\"itemListElement\":[{\"@type\":\"ListItem\",\"position\":1,\"name\":\"Home\",\"item\":\"https:\/\/justexplorers.bitcrumbs-dev.it\/\"},{\"@type\":\"ListItem\",\"position\":2,\"name\":\"Shop\",\"item\":\"https:\/\/justexplorers.bitcrumbs-dev.it\/negozio\/\"},{\"@type\":\"ListItem\",\"position\":3,\"name\":\"Bear Week\"}]},{\"@type\":\"WebSite\",\"@id\":\"https:\/\/justexplorers.bitcrumbs-dev.it\/#website\",\"url\":\"https:\/\/justexplorers.bitcrumbs-dev.it\/\",\"name\":\"JustExplorers\",\"description\":\"\",\"potentialAction\":[{\"@type\":\"SearchAction\",\"target\":{\"@type\":\"EntryPoint\",\"urlTemplate\":\"https:\/\/justexplorers.bitcrumbs-dev.it\/?s={search_term_string}\"},\"query-input\":\"required name=search_term_string\"}],\"inLanguage\":\"en-US\"}]}<\/script>\n<!-- \/ Yoast SEO plugin. -->","yoast_head_json":{"title":"Bear Week - JustExplorers","description":"Tour fotografico nelle foreste dei Carpazi alla ricerca dell'orso bruno, in stile safari e con l'accompagnamento di un fotografo professionista.","robots":{"index":"noindex","follow":"follow","max-snippet":"max-snippet:-1","max-image-preview":"max-image-preview:large","max-video-preview":"max-video-preview:-1"},"og_locale":"en_US","og_type":"article","og_title":"Bear Week - JustExplorers","og_description":"Tour fotografico nelle foreste dei Carpazi alla ricerca dell'orso bruno, in stile safari e con l'accompagnamento di un fotografo professionista.","og_url":"https:\/\/justexplorers.bitcrumbs-dev.it\/en\/product\/bear-week\/","og_site_name":"JustExplorers","article_modified_time":"2025-02-17T11:05:28+00:00","og_image":[{"width":2048,"height":1365,"url":"https:\/\/justexplorers.bitcrumbs-dev.it\/wp-content\/uploads\/2024\/05\/finale_DSC9837-Enhanced-NR-sharpened-sharpened.jpg","type":"image\/jpeg"}],"twitter_card":"summary_large_image","twitter_misc":{"Est. reading time":"1 minute"},"schema":{"@context":"https:\/\/schema.org","@graph":[{"@type":"WebPage","@id":"https:\/\/justexplorers.bitcrumbs-dev.it\/product\/bear-week\/","url":"https:\/\/justexplorers.bitcrumbs-dev.it\/product\/bear-week\/","name":"Bear Week - JustExplorers","isPartOf":{"@id":"https:\/\/justexplorers.bitcrumbs-dev.it\/#website"},"primaryImageOfPage":{"@id":"https:\/\/justexplorers.bitcrumbs-dev.it\/product\/bear-week\/#primaryimage"},"image":{"@id":"https:\/\/justexplorers.bitcrumbs-dev.it\/product\/bear-week\/#primaryimage"},"thumbnailUrl":"https:\/\/justexplorers.bitcrumbs-dev.it\/wp-content\/uploads\/2024\/05\/finale_DSC9837-Enhanced-NR-sharpened-sharpened.jpg","datePublished":"2024-05-24T07:22:33+00:00","dateModified":"2025-02-17T11:05:28+00:00","description":"Tour fotografico nelle foreste dei Carpazi alla ricerca dell'orso bruno, in stile safari e con l'accompagnamento di un fotografo professionista.","breadcrumb":{"@id":"https:\/\/justexplorers.bitcrumbs-dev.it\/product\/bear-week\/#breadcrumb"},"inLanguage":"en-US","potentialAction":[{"@type":"ReadAction","target":["https:\/\/justexplorers.bitcrumbs-dev.it\/product\/bear-week\/"]}]},{"@type":"ImageObject","inLanguage":"en-US","@id":"https:\/\/justexplorers.bitcrumbs-dev.it\/product\/bear-week\/#primaryimage","url":"https:\/\/justexplorers.bitcrumbs-dev.it\/wp-content\/uploads\/2024\/05\/finale_DSC9837-Enhanced-NR-sharpened-sharpened.jpg","contentUrl":"https:\/\/justexplorers.bitcrumbs-dev.it\/wp-content\/uploads\/2024\/05\/finale_DSC9837-Enhanced-NR-sharpened-sharpened.jpg","width":2048,"height":1365,"caption":"bear-week-romania-photographic-tour"},{"@type":"BreadcrumbList","@id":"https:\/\/justexplorers.bitcrumbs-dev.it\/product\/bear-week\/#breadcrumb","itemListElement":[{"@type":"ListItem","position":1,"name":"Home","item":"https:\/\/justexplorers.bitcrumbs-dev.it\/"},{"@type":"ListItem","position":2,"name":"Shop","item":"https:\/\/justexplorers.bitcrumbs-dev.it\/negozio\/"},{"@type":"ListItem","position":3,"name":"Bear Week"}]},{"@type":"WebSite","@id":"https:\/\/justexplorers.bitcrumbs-dev.it\/#website","url":"https:\/\/justexplorers.bitcrumbs-dev.it\/","name":"JustExplorers","description":"","potentialAction":[{"@type":"SearchAction","target":{"@type":"EntryPoint","urlTemplate":"https:\/\/justexplorers.bitcrumbs-dev.it\/?s={search_term_string}"},"query-input":"required name=search_term_string"}],"inLanguage":"en-US"}]}},"_links":{"self":[{"href":"https:\/\/justexplorers.bitcrumbs-dev.it\/en\/wp-json\/wp\/v2\/product\/3242"}],"collection":[{"href":"https:\/\/justexplorers.bitcrumbs-dev.it\/en\/wp-json\/wp\/v2\/product"}],"about":[{"href":"https:\/\/justexplorers.bitcrumbs-dev.it\/en\/wp-json\/wp\/v2\/types\/product"}],"replies":[{"embeddable":true,"href":"https:\/\/justexplorers.bitcrumbs-dev.it\/en\/wp-json\/wp\/v2\/comments?post=3242"}],"wp:featuredmedia":[{"embeddable":true,"href":"https:\/\/justexplorers.bitcrumbs-dev.it\/en\/wp-json\/wp\/v2\/media\/3243"}],"wp:attachment":[{"href":"https:\/\/justexplorers.bitcrumbs-dev.it\/en\/wp-json\/wp\/v2\/media?parent=3242"}],"wp:term":[{"taxonomy":"product_cat","embeddable":true,"href":"https:\/\/justexplorers.bitcrumbs-dev.it\/en\/wp-json\/wp\/v2\/product_cat?post=3242"},{"taxonomy":"product_tag","embeddable":true,"href":"https:\/\/justexplorers.bitcrumbs-dev.it\/en\/wp-json\/wp\/v2\/product_tag?post=3242"}],"curies":[{"name":"wp","href":"https:\/\/api.w.org\/{rel}","templated":true}]}}