{"id":3587,"date":"2024-06-03T18:22:15","date_gmt":"2024-06-03T16:22:15","guid":{"rendered":"https:\/\/justexplorers.bitcrumbs-dev.it\/?post_type=product&#038;p=3587"},"modified":"2024-06-04T15:05:02","modified_gmt":"2024-06-04T13:05:02","slug":"in-the-bear-forests-3","status":"publish","type":"product","link":"https:\/\/justexplorers.bitcrumbs-dev.it\/en\/product\/in-the-bear-forests-3\/","title":{"rendered":"In the bear forests correct eng"},"content":{"rendered":"<h3>Explore the Magical European Wildlife: Photography Trip to Slovenia<\/h3>\n<p>Benvenuti in un\u2019esperienza unica nel cuore delle magiche foreste della Slovenia, dove la meravigliosa fauna europea si conceder\u00e0 di fronte al tuo obiettivo fotografico. Le aree che esploreremo sono un tesoro di biodiversit\u00e0, e all\u2019interno di boschi inaccessibili risiedono alcuni dei carnivori pi\u00f9 rari d\u2019Europa: lupi, orsi, gatti selvatici e la rarissima lince euroasiatica. Il nostro viaggio sar\u00e0 un\u2019immersione nella vita dell\u2019orso bruno, re di queste terre.<\/p>\n<p>Questo avventuroso itinerario prevede sei sessioni fotografiche di alta qualit\u00e0. Potremo dedicare tutte e sei le sessioni ai capanni per l\u2019orso bruno, assicurandoci una variet\u00e0 di scatti da diverse prospettive o svolgere le sessioni mattutine in un bellissimo capanno con abbeverata che pu\u00f2 regalare grandi sorprese, tra rare specie di avifauna e simpatici piccoli mammiferi.<\/p>\n<p>Esploreremo almeno tre diverse location, ottimizzando le possibilit\u00e0 di avvistamento grazie ai migliori capanni disponibili, riservati esclusivamente al nostro gruppo. Con un tocco di fortuna, \u00a0in base all\u2019attivit\u00e0 di questo incredibile rapace notturno, potremo dedicare una sessione all\u2019allocco degli Urali, con uscite mirate per catturare questo maestoso animale che popola le foreste slovene.<\/p>\n<p>Un fotografo professionista vi accompagner\u00e0 durante tutto il viaggio, pronto ad assistervi nella cattura dello scatto perfetto che state cercando. Questo evento include un workshop fotografico, dove fotografi esperti condivideranno segreti, esperienze e tecniche apprese sul campo nel corso degli anni.<\/p>\n<p>Questo viaggio andr\u00e0 oltre la \u00a0fotografia: sar\u00e0 un\u2019esperienza indimenticabile di natura selvaggia e un\u2019opportunit\u00e0 unica per imparare scattando al fianco di professionisti del settore.<\/p>","protected":false},"excerpt":{"rendered":"<p>Quattro giorni immersi nell&#8217;incredibile natura selvaggia della Slovenia. Piccoli villaggi, foreste infinite e un silenzio surreale creano l&#8217;habitat perfetto per i principali mammiferi europei, che trovano rifugio e tranquillit\u00e0 in questi boschi. Lupi, volpi, linci, gatti selvatici e, soprattutto, l&#8217;orso bruno, re incontrastato di queste foreste. Con una delle densit\u00e0 pi\u00f9 alte d&#8217;Europa, la popolazione di orsi bruni qui \u00e8 fiorente, rendendo la Slovenia una delle migliori destinazioni per fotografare questo magnifico animale.<br \/>\nTra queste foreste sorgono piccoli capanni in legno, immersi nel verde, dove vivere esperienze uniche. Unisciti a noi per esplorare queste aree e vivere momenti indimenticabili.<\/p>","protected":false},"featured_media":2933,"comment_status":"open","ping_status":"closed","template":"","meta":{"_acf_changed":false},"product_cat":[55,26],"product_tag":[67],"acf":[],"yoast_head":"<!-- This site is optimized with the Yoast SEO plugin v22.8 - https:\/\/yoast.com\/wordpress\/plugins\/seo\/ -->\n<title>In the bear forests corretto eng - JustExplorers<\/title>\n<meta name=\"description\" content=\"Workshop fotografico alla ricerca dell\u2019orso bruno. Una full immersion dai migliori capanni fotografici immersi nelle infinite foreste della Slovenia.\" \/>\n<meta name=\"robots\" content=\"noindex, follow, max-snippet:-1, max-image-preview:large, max-video-preview:-1\" \/>\n<meta property=\"og:locale\" content=\"en_US\" \/>\n<meta property=\"og:type\" content=\"article\" \/>\n<meta property=\"og:title\" content=\"In the bear forests corretto eng - JustExplorers\" \/>\n<meta property=\"og:description\" content=\"Workshop fotografico alla ricerca dell\u2019orso bruno. Una full immersion dai migliori capanni fotografici immersi nelle infinite foreste della Slovenia.\" \/>\n<meta property=\"og:url\" content=\"https:\/\/justexplorers.bitcrumbs-dev.it\/en\/product\/in-the-bear-forests-3\/\" \/>\n<meta property=\"og:site_name\" content=\"JustExplorers\" \/>\n<meta property=\"article:modified_time\" content=\"2024-06-04T13:05:02+00:00\" \/>\n<meta property=\"og:image\" content=\"https:\/\/justexplorers.bitcrumbs-dev.it\/wp-content\/uploads\/2024\/05\/locanda-slovenia-x-just-explorers-scaled-e1717392586204.jpg\" \/>\n\t<meta property=\"og:image:width\" content=\"2513\" \/>\n\t<meta property=\"og:image:height\" content=\"1706\" \/>\n\t<meta property=\"og:image:type\" content=\"image\/jpeg\" \/>\n<meta name=\"twitter:card\" content=\"summary_large_image\" \/>\n<meta name=\"twitter:label1\" content=\"Est. reading time\" \/>\n\t<meta name=\"twitter:data1\" content=\"2 minutes\" \/>\n<script type=\"application\/ld+json\" class=\"yoast-schema-graph\">{\"@context\":\"https:\/\/schema.org\",\"@graph\":[{\"@type\":\"WebPage\",\"@id\":\"https:\/\/justexplorers.bitcrumbs-dev.it\/product\/in-the-bear-forests-3\/\",\"url\":\"https:\/\/justexplorers.bitcrumbs-dev.it\/product\/in-the-bear-forests-3\/\",\"name\":\"In the bear forests corretto eng - JustExplorers\",\"isPartOf\":{\"@id\":\"https:\/\/justexplorers.bitcrumbs-dev.it\/#website\"},\"primaryImageOfPage\":{\"@id\":\"https:\/\/justexplorers.bitcrumbs-dev.it\/product\/in-the-bear-forests-3\/#primaryimage\"},\"image\":{\"@id\":\"https:\/\/justexplorers.bitcrumbs-dev.it\/product\/in-the-bear-forests-3\/#primaryimage\"},\"thumbnailUrl\":\"https:\/\/justexplorers.bitcrumbs-dev.it\/wp-content\/uploads\/2024\/05\/locanda-slovenia-x-just-explorers-scaled-e1717392586204.jpg\",\"datePublished\":\"2024-06-03T16:22:15+00:00\",\"dateModified\":\"2024-06-04T13:05:02+00:00\",\"description\":\"Workshop fotografico alla ricerca dell\u2019orso bruno. Una full immersion dai migliori capanni fotografici immersi nelle infinite foreste della Slovenia.\",\"breadcrumb\":{\"@id\":\"https:\/\/justexplorers.bitcrumbs-dev.it\/product\/in-the-bear-forests-3\/#breadcrumb\"},\"inLanguage\":\"en-US\",\"potentialAction\":[{\"@type\":\"ReadAction\",\"target\":[\"https:\/\/justexplorers.bitcrumbs-dev.it\/product\/in-the-bear-forests-3\/\"]}]},{\"@type\":\"ImageObject\",\"inLanguage\":\"en-US\",\"@id\":\"https:\/\/justexplorers.bitcrumbs-dev.it\/product\/in-the-bear-forests-3\/#primaryimage\",\"url\":\"https:\/\/justexplorers.bitcrumbs-dev.it\/wp-content\/uploads\/2024\/05\/locanda-slovenia-x-just-explorers-scaled-e1717392586204.jpg\",\"contentUrl\":\"https:\/\/justexplorers.bitcrumbs-dev.it\/wp-content\/uploads\/2024\/05\/locanda-slovenia-x-just-explorers-scaled-e1717392586204.jpg\",\"width\":2513,\"height\":1706,\"caption\":\"photography-brown-bear-slovenia-slovenian-bears\"},{\"@type\":\"BreadcrumbList\",\"@id\":\"https:\/\/justexplorers.bitcrumbs-dev.it\/product\/in-the-bear-forests-3\/#breadcrumb\",\"itemListElement\":[{\"@type\":\"ListItem\",\"position\":1,\"name\":\"Home\",\"item\":\"https:\/\/justexplorers.bitcrumbs-dev.it\/\"},{\"@type\":\"ListItem\",\"position\":2,\"name\":\"Shop\",\"item\":\"https:\/\/justexplorers.bitcrumbs-dev.it\/negozio\/\"},{\"@type\":\"ListItem\",\"position\":3,\"name\":\"In the bear forests corretto eng\"}]},{\"@type\":\"WebSite\",\"@id\":\"https:\/\/justexplorers.bitcrumbs-dev.it\/#website\",\"url\":\"https:\/\/justexplorers.bitcrumbs-dev.it\/\",\"name\":\"JustExplorers\",\"description\":\"\",\"potentialAction\":[{\"@type\":\"SearchAction\",\"target\":{\"@type\":\"EntryPoint\",\"urlTemplate\":\"https:\/\/justexplorers.bitcrumbs-dev.it\/?s={search_term_string}\"},\"query-input\":\"required name=search_term_string\"}],\"inLanguage\":\"en-US\"}]}<\/script>\n<!-- \/ Yoast SEO plugin. -->","yoast_head_json":{"title":"In the bear forests corretto eng - JustExplorers","description":"Workshop fotografico alla ricerca dell\u2019orso bruno. Una full immersion dai migliori capanni fotografici immersi nelle infinite foreste della Slovenia.","robots":{"index":"noindex","follow":"follow","max-snippet":"max-snippet:-1","max-image-preview":"max-image-preview:large","max-video-preview":"max-video-preview:-1"},"og_locale":"en_US","og_type":"article","og_title":"In the bear forests corretto eng - JustExplorers","og_description":"Workshop fotografico alla ricerca dell\u2019orso bruno. Una full immersion dai migliori capanni fotografici immersi nelle infinite foreste della Slovenia.","og_url":"https:\/\/justexplorers.bitcrumbs-dev.it\/en\/product\/in-the-bear-forests-3\/","og_site_name":"JustExplorers","article_modified_time":"2024-06-04T13:05:02+00:00","og_image":[{"width":2513,"height":1706,"url":"https:\/\/justexplorers.bitcrumbs-dev.it\/wp-content\/uploads\/2024\/05\/locanda-slovenia-x-just-explorers-scaled-e1717392586204.jpg","type":"image\/jpeg"}],"twitter_card":"summary_large_image","twitter_misc":{"Est. reading time":"2 minutes"},"schema":{"@context":"https:\/\/schema.org","@graph":[{"@type":"WebPage","@id":"https:\/\/justexplorers.bitcrumbs-dev.it\/product\/in-the-bear-forests-3\/","url":"https:\/\/justexplorers.bitcrumbs-dev.it\/product\/in-the-bear-forests-3\/","name":"In the bear forests corretto eng - JustExplorers","isPartOf":{"@id":"https:\/\/justexplorers.bitcrumbs-dev.it\/#website"},"primaryImageOfPage":{"@id":"https:\/\/justexplorers.bitcrumbs-dev.it\/product\/in-the-bear-forests-3\/#primaryimage"},"image":{"@id":"https:\/\/justexplorers.bitcrumbs-dev.it\/product\/in-the-bear-forests-3\/#primaryimage"},"thumbnailUrl":"https:\/\/justexplorers.bitcrumbs-dev.it\/wp-content\/uploads\/2024\/05\/locanda-slovenia-x-just-explorers-scaled-e1717392586204.jpg","datePublished":"2024-06-03T16:22:15+00:00","dateModified":"2024-06-04T13:05:02+00:00","description":"Workshop fotografico alla ricerca dell\u2019orso bruno. Una full immersion dai migliori capanni fotografici immersi nelle infinite foreste della Slovenia.","breadcrumb":{"@id":"https:\/\/justexplorers.bitcrumbs-dev.it\/product\/in-the-bear-forests-3\/#breadcrumb"},"inLanguage":"en-US","potentialAction":[{"@type":"ReadAction","target":["https:\/\/justexplorers.bitcrumbs-dev.it\/product\/in-the-bear-forests-3\/"]}]},{"@type":"ImageObject","inLanguage":"en-US","@id":"https:\/\/justexplorers.bitcrumbs-dev.it\/product\/in-the-bear-forests-3\/#primaryimage","url":"https:\/\/justexplorers.bitcrumbs-dev.it\/wp-content\/uploads\/2024\/05\/locanda-slovenia-x-just-explorers-scaled-e1717392586204.jpg","contentUrl":"https:\/\/justexplorers.bitcrumbs-dev.it\/wp-content\/uploads\/2024\/05\/locanda-slovenia-x-just-explorers-scaled-e1717392586204.jpg","width":2513,"height":1706,"caption":"photography-brown-bear-slovenia-slovenian-bears"},{"@type":"BreadcrumbList","@id":"https:\/\/justexplorers.bitcrumbs-dev.it\/product\/in-the-bear-forests-3\/#breadcrumb","itemListElement":[{"@type":"ListItem","position":1,"name":"Home","item":"https:\/\/justexplorers.bitcrumbs-dev.it\/"},{"@type":"ListItem","position":2,"name":"Shop","item":"https:\/\/justexplorers.bitcrumbs-dev.it\/negozio\/"},{"@type":"ListItem","position":3,"name":"In the bear forests corretto eng"}]},{"@type":"WebSite","@id":"https:\/\/justexplorers.bitcrumbs-dev.it\/#website","url":"https:\/\/justexplorers.bitcrumbs-dev.it\/","name":"JustExplorers","description":"","potentialAction":[{"@type":"SearchAction","target":{"@type":"EntryPoint","urlTemplate":"https:\/\/justexplorers.bitcrumbs-dev.it\/?s={search_term_string}"},"query-input":"required name=search_term_string"}],"inLanguage":"en-US"}]}},"_links":{"self":[{"href":"https:\/\/justexplorers.bitcrumbs-dev.it\/en\/wp-json\/wp\/v2\/product\/3587"}],"collection":[{"href":"https:\/\/justexplorers.bitcrumbs-dev.it\/en\/wp-json\/wp\/v2\/product"}],"about":[{"href":"https:\/\/justexplorers.bitcrumbs-dev.it\/en\/wp-json\/wp\/v2\/types\/product"}],"replies":[{"embeddable":true,"href":"https:\/\/justexplorers.bitcrumbs-dev.it\/en\/wp-json\/wp\/v2\/comments?post=3587"}],"wp:featuredmedia":[{"embeddable":true,"href":"https:\/\/justexplorers.bitcrumbs-dev.it\/en\/wp-json\/wp\/v2\/media\/2933"}],"wp:attachment":[{"href":"https:\/\/justexplorers.bitcrumbs-dev.it\/en\/wp-json\/wp\/v2\/media?parent=3587"}],"wp:term":[{"taxonomy":"product_cat","embeddable":true,"href":"https:\/\/justexplorers.bitcrumbs-dev.it\/en\/wp-json\/wp\/v2\/product_cat?post=3587"},{"taxonomy":"product_tag","embeddable":true,"href":"https:\/\/justexplorers.bitcrumbs-dev.it\/en\/wp-json\/wp\/v2\/product_tag?post=3587"}],"curies":[{"name":"wp","href":"https:\/\/api.w.org\/{rel}","templated":true}]}}